{"id":1150,"date":"2018-04-11T12:06:14","date_gmt":"2018-04-11T12:06:14","guid":{"rendered":"http:\/\/localhost\/wordpress\/?page_id=1150"},"modified":"2020-04-03T15:00:09","modified_gmt":"2020-04-03T15:00:09","slug":"destacados","status":"publish","type":"page","link":"https:\/\/beta.turismourdaibai.com\/es\/destacados\/","title":{"rendered":"Destacados"},"content":{"rendered":"<div id='av_section_1'  class='avia-section av-av_section-2dcda1862a94bb522b437cf4f29dd74d main_color avia-section-default avia-no-shadow  avia-builder-el-0  el_before_av_section  avia-builder-el-first  avia-bg-style-scroll container_wrap fullsize'  ><div class='container av-section-cont-open' ><main  role=\"main\" itemprop=\"mainContentOfPage\"  class='template-page content  av-content-full alpha units'><div class='post-entry post-entry-type-page post-entry-1150'><div class='entry-content-wrapper clearfix'>\n\n<style type=\"text\/css\" data-created_by=\"avia_inline_auto\" id=\"style-css-av-av_heading-9538d90b4e0ea071ac275b0b055d171f\">\n#top .av-special-heading.av-av_heading-9538d90b4e0ea071ac275b0b055d171f{\npadding-bottom:10px;\ncolor:#008bb2;\nfont-size:45px;\n}\nbody .av-special-heading.av-av_heading-9538d90b4e0ea071ac275b0b055d171f .av-special-heading-tag .heading-char{\nfont-size:25px;\n}\n#top #wrap_all .av-special-heading.av-av_heading-9538d90b4e0ea071ac275b0b055d171f .av-special-heading-tag{\nfont-size:45px;\n}\n.av-special-heading.av-av_heading-9538d90b4e0ea071ac275b0b055d171f .special-heading-inner-border{\nborder-color:#008bb2;\n}\n.av-special-heading.av-av_heading-9538d90b4e0ea071ac275b0b055d171f .av-subheading{\nfont-size:15px;\n}\n\n@media only screen and (min-width: 480px) and (max-width: 767px){ \n#top #wrap_all .av-special-heading.av-av_heading-9538d90b4e0ea071ac275b0b055d171f .av-special-heading-tag{\nfont-size:0.8em;\n}\n}\n\n@media only screen and (max-width: 479px){ \n#top #wrap_all .av-special-heading.av-av_heading-9538d90b4e0ea071ac275b0b055d171f .av-special-heading-tag{\nfont-size:0.8em;\n}\n}\n<\/style>\n<div  class='av-special-heading av-av_heading-9538d90b4e0ea071ac275b0b055d171f av-special-heading-h3 custom-color-heading blockquote modern-quote  avia-builder-el-1  el_before_av_textblock  avia-builder-el-first  av-inherit-size'><h3 class='av-special-heading-tag'  itemprop=\"headline\"  >URDAIBAI IMPRESCINDIBLE<\/h3><div class=\"special-heading-border\"><div class=\"special-heading-inner-border\"><\/div><\/div><\/div>\n\n<style type=\"text\/css\" data-created_by=\"avia_inline_auto\" id=\"style-css-av-av_textblock-1a0df4ec19d7a9b96baa49c4cd370157\">\n#top .av_textblock_section.av-av_textblock-1a0df4ec19d7a9b96baa49c4cd370157 .avia_textblock{\nfont-size:40px;\n}\n<\/style>\n<section  class='av_textblock_section av-av_textblock-1a0df4ec19d7a9b96baa49c4cd370157 '   itemscope=\"itemscope\" itemtype=\"https:\/\/schema.org\/CreativeWork\" ><div class='avia_textblock'  itemprop=\"text\" ><h2>Ra\u00edces culturales, paisajes espectaculares que nos regala la naturaleza y sorprendentes creaciones humanas. Urdaibai re\u00fane todo esto y mucho m\u00e1s. Elige la fecha, y ya sea para un fin de semana o unas vacaciones completas, estas son algunas de las visitas que no te puedes perder. \u00a1Empieza a disfrutar del viaje!<\/h2>\n<\/div><\/section>\n\n<\/div><\/div><\/main><!-- close content main element --><\/div><\/div><div id='av_section_2'  class='avia-section av-av_section-2dcda1862a94bb522b437cf4f29dd74d main_color avia-section-default avia-no-shadow  avia-builder-el-3  el_after_av_section  el_before_av_one_full  avia-bg-style-scroll container_wrap fullsize'  ><div class='container av-section-cont-open' ><div class='template-page content  av-content-full alpha units'><div class='post-entry post-entry-type-page post-entry-1150'><div class='entry-content-wrapper clearfix'>\n<div id='av-masonry-1' class='av-masonry av-av_masonry_gallery-11891528f9bf352376f3eddd0ccdca23 noHover av-flex-size av-large-gap av-hover-overlay- av-masonry-animation-active av-masonry-col-2 av-caption-always av-caption-style-overlay av-masonry-gallery ' data-post_id=\"1150\"><div class=\"av-masonry-container isotope av-js-disabled\"><div class='av-masonry-entry isotope-item av-masonry-item-no-image '><\/div><a href=\"\/san-juan-de-gaztelugatxe\/\"  aria-label=\"image SAN-JUAN\"  id='av-masonry-1-item-2301' data-av-masonry-item='2301' class='av-masonry-entry isotope-item post-2301 attachment type-attachment status-inherit hentry  av-masonry-item-with-image' title=\"SAN-JUAN\" alt=\"san juan de gaztelugatxe\"  data-av-masonry-custom-link=\"\/san-juan-de-gaztelugatxe\/\"  itemprop=\"thumbnailUrl\" ><div class='av-inner-masonry-sizer'><\/div><figure class='av-inner-masonry main_color'><div class=\"av-masonry-outerimage-container\"><div class='av-masonry-image-container'   ><img class=\"wp-image-2301 avia-img-lazy-loading-not-2301\"  src=\"https:\/\/beta.turismourdaibai.com\/wp-content\/uploads\/2018\/06\/SAN-JUAN-705x470.jpg\" title=\"SAN-JUAN\" alt=\"san juan de gaztelugatxe\" \/><\/div><\/div><\/figure><\/a><!--end av-masonry entry--><a href=\"\/casa-de-juntas-y-arbol-gernika\/\"  aria-label=\"image CASA-DE-JUNTAS\"  id='av-masonry-1-item-2293' data-av-masonry-item='2293' class='av-masonry-entry isotope-item post-2293 attachment type-attachment status-inherit hentry  av-masonry-item-with-image' title=\"CASA-DE-JUNTAS\" alt=\"casa de juntas\"  data-av-masonry-custom-link=\"\/casa-de-juntas-y-arbol-gernika\/\"  itemprop=\"thumbnailUrl\" ><div class='av-inner-masonry-sizer'><\/div><figure class='av-inner-masonry main_color'><div class=\"av-masonry-outerimage-container\"><div class='av-masonry-image-container'   ><img class=\"wp-image-2293 avia-img-lazy-loading-not-2293\"  src=\"https:\/\/beta.turismourdaibai.com\/wp-content\/uploads\/2018\/06\/CASA-DE-JUNTAS-705x470.jpg\" title=\"CASA-DE-JUNTAS\" alt=\"casa de juntas\" \/><\/div><\/div><\/figure><\/a><!--end av-masonry entry--><a href=\"\/santimamine\/\"  aria-label=\"image SANTIAMINE\"  id='av-masonry-1-item-2302' data-av-masonry-item='2302' class='av-masonry-entry isotope-item post-2302 attachment type-attachment status-inherit hentry  av-masonry-item-with-image' title=\"SANTIAMINE\" alt=\"santimami\u00f1e\"  data-av-masonry-custom-link=\"\/santimamine\/\"  itemprop=\"thumbnailUrl\" ><div class='av-inner-masonry-sizer'><\/div><figure class='av-inner-masonry main_color'><div class=\"av-masonry-outerimage-container\"><div class='av-masonry-image-container'   ><img class=\"wp-image-2302 avia-img-lazy-loading-not-2302\"  src=\"https:\/\/beta.turismourdaibai.com\/wp-content\/uploads\/2018\/06\/SANTIAMINE-705x470.jpg\" title=\"SANTIAMINE\" alt=\"santimami\u00f1e\" \/><\/div><\/div><\/figure><\/a><!--end av-masonry entry--><a href=\"\/ola-de-mundaka\/\"  aria-label=\"image ola de mundaka\"  id='av-masonry-1-item-2299' data-av-masonry-item='2299' class='av-masonry-entry isotope-item post-2299 attachment type-attachment status-inherit hentry  av-masonry-item-with-image' title=\"ola de mundaka\" alt=\"OLA DE MUNDAKA\"  data-av-masonry-custom-link=\"\/ola-de-mundaka\/\"  itemprop=\"thumbnailUrl\" ><div class='av-inner-masonry-sizer'><\/div><figure class='av-inner-masonry main_color'><div class=\"av-masonry-outerimage-container\"><div class='av-masonry-image-container'   ><img class=\"wp-image-2299 avia-img-lazy-loading-not-2299\"  src=\"https:\/\/beta.turismourdaibai.com\/wp-content\/uploads\/2018\/06\/OLA-DE-MUNDAKA-705x470.jpg\" title=\"ola de mundaka\" alt=\"OLA DE MUNDAKA\" \/><\/div><\/div><\/figure><\/a><!--end av-masonry entry--><a href=\"\/bosque-de-oma\/\"  aria-label=\"image OMA-1030&#215;687 cerrado\"  id='av-masonry-1-item-12714' data-av-masonry-item='12714' class='av-masonry-entry isotope-item post-12714 attachment type-attachment status-inherit hentry  av-masonry-item-with-image' title=\"OMA-1030&#215;687 cerrado\" alt=\"\"  data-av-masonry-custom-link=\"\/bosque-de-oma\/\"  itemprop=\"thumbnailUrl\" ><div class='av-inner-masonry-sizer'><\/div><figure class='av-inner-masonry main_color'><div class=\"av-masonry-outerimage-container\"><div class='av-masonry-image-container'   ><img class=\"wp-image-12714 avia-img-lazy-loading-not-12714\"  src=\"https:\/\/beta.turismourdaibai.com\/wp-content\/uploads\/2020\/04\/OMA-1030x687-cerrado-705x470.jpg\" title=\"OMA-1030&#215;687 cerrado\" alt=\"\" \/><\/div><\/div><\/figure><\/a><!--end av-masonry entry--><a href=\"\/elantxobe\/\"  aria-label=\"image elantxobe\"  id='av-masonry-1-item-2296' data-av-masonry-item='2296' class='av-masonry-entry isotope-item post-2296 attachment type-attachment status-inherit hentry  av-masonry-item-with-image' title=\"elantxobe\" alt=\"elantxobe\"  data-av-masonry-custom-link=\"\/elantxobe\/\"  itemprop=\"thumbnailUrl\" ><div class='av-inner-masonry-sizer'><\/div><figure class='av-inner-masonry main_color'><div class=\"av-masonry-outerimage-container\"><div class='av-masonry-image-container'   ><img class=\"wp-image-2296 avia-img-lazy-loading-not-2296\"  src=\"https:\/\/beta.turismourdaibai.com\/wp-content\/uploads\/2018\/06\/elantxobe-705x470.jpg\" title=\"elantxobe\" alt=\"elantxobe\" \/><\/div><\/div><\/figure><\/a><!--end av-masonry entry--><a href=\"\/puerto-casco-bermeo\/\"  aria-label=\"image PUERTO Y CASCO ANTIGUO BERMEO\"  id='av-masonry-1-item-2967' data-av-masonry-item='2967' class='av-masonry-entry isotope-item post-2967 attachment type-attachment status-inherit hentry  av-masonry-item-with-image' title=\"PUERTO Y CASCO ANTIGUO BERMEO\" alt=\"\"  data-av-masonry-custom-link=\"\/puerto-casco-bermeo\/\"  itemprop=\"thumbnailUrl\" ><div class='av-inner-masonry-sizer'><\/div><figure class='av-inner-masonry main_color'><div class=\"av-masonry-outerimage-container\"><div class='av-masonry-image-container'   ><img class=\"wp-image-2967 avia-img-lazy-loading-not-2967\"  src=\"https:\/\/beta.turismourdaibai.com\/wp-content\/uploads\/2018\/07\/PUERTO-Y-CASCO-ANTIGUO-BERMEO-705x470.jpg\" title=\"PUERTO Y CASCO ANTIGUO BERMEO\" alt=\"\" \/><\/div><\/div><\/figure><\/a><!--end av-masonry entry--><a href=\"\/laida-y-laga\/\"  aria-label=\"image Playa de Laida\"  id='av-masonry-1-item-11008' data-av-masonry-item='11008' class='av-masonry-entry isotope-item post-11008 attachment type-attachment status-inherit hentry  av-masonry-item-with-image' title=\"Playa de Laida\" alt=\"playas de laida y laga\"  data-av-masonry-custom-link=\"\/laida-y-laga\/\"  itemprop=\"thumbnailUrl\" ><div class='av-inner-masonry-sizer'><\/div><figure class='av-inner-masonry main_color'><div class=\"av-masonry-outerimage-container\"><div class='av-masonry-image-container'   ><img class=\"wp-image-11008 avia-img-lazy-loading-not-11008\"  src=\"https:\/\/beta.turismourdaibai.com\/wp-content\/uploads\/2019\/06\/PLAYAS-LAIDA-Y-LAGA-705x470.jpg\" title=\"Playa de Laida\" alt=\"playas de laida y laga\" \/><\/div><\/div><\/figure><\/a><!--end av-masonry entry--><a href=\"\/ea\/\"  aria-label=\"image EA\"  id='av-masonry-1-item-2294' data-av-masonry-item='2294' class='av-masonry-entry isotope-item post-2294 attachment type-attachment status-inherit hentry  av-masonry-item-with-image' title=\"EA\" alt=\"ea\"  data-av-masonry-custom-link=\"\/ea\/\"  itemprop=\"thumbnailUrl\" ><div class='av-inner-masonry-sizer'><\/div><figure class='av-inner-masonry main_color'><div class=\"av-masonry-outerimage-container\"><div class='av-masonry-image-container'   ><img class=\"wp-image-2294 avia-img-lazy-loading-not-2294\"  src=\"https:\/\/beta.turismourdaibai.com\/wp-content\/uploads\/2018\/06\/EA-705x470.jpg\" title=\"EA\" alt=\"ea\" \/><\/div><\/div><\/figure><\/a><!--end av-masonry entry--><a href=\"\/bird-center\/\"  aria-label=\"image bird center\"  id='av-masonry-1-item-2292' data-av-masonry-item='2292' class='av-masonry-entry isotope-item post-2292 attachment type-attachment status-inherit hentry  av-masonry-item-with-image' title=\"bird center\" alt=\"bird center\"  data-av-masonry-custom-link=\"\/bird-center\/\"  itemprop=\"thumbnailUrl\" ><div class='av-inner-masonry-sizer'><\/div><figure class='av-inner-masonry main_color'><div class=\"av-masonry-outerimage-container\"><div class='av-masonry-image-container'   ><img class=\"wp-image-2292 avia-img-lazy-loading-not-2292\"  src=\"https:\/\/beta.turismourdaibai.com\/wp-content\/uploads\/2018\/06\/bird-center-705x470.jpg\" title=\"bird center\" alt=\"bird center\" \/><\/div><\/div><\/figure><\/a><!--end av-masonry entry--><a href=\"\/mercado-de-gernika\/\"  aria-label=\"image mercado de gernika\"  id='av-masonry-1-item-2298' data-av-masonry-item='2298' class='av-masonry-entry isotope-item post-2298 attachment type-attachment status-inherit hentry  av-masonry-item-with-image' title=\"mercado de gernika\" alt=\"mercado de gernika\"  data-av-masonry-custom-link=\"\/mercado-de-gernika\/\"  itemprop=\"thumbnailUrl\" ><div class='av-inner-masonry-sizer'><\/div><figure class='av-inner-masonry main_color'><div class=\"av-masonry-outerimage-container\"><div class='av-masonry-image-container'   ><img class=\"wp-image-2298 avia-img-lazy-loading-not-2298\"  src=\"https:\/\/beta.turismourdaibai.com\/wp-content\/uploads\/2018\/06\/mercado-de-gernika-705x470.jpg\" title=\"mercado de gernika\" alt=\"mercado de gernika\" \/><\/div><\/div><\/figure><\/a><!--end av-masonry entry--><a href=\"\/ekoetxea\/\"  aria-label=\"image Ekoetxea-Urdaibai interpretacion de la Reserva de la Biosfera\"  id='av-masonry-1-item-10919' data-av-masonry-item='10919' class='av-masonry-entry isotope-item post-10919 attachment type-attachment status-inherit hentry  av-masonry-item-with-image' title=\"Ekoetxea-Urdaibai interpretacion de la Reserva de la Biosfera\" alt=\"ekoetxea-urdaibai\"  data-av-masonry-custom-link=\"\/ekoetxea\/\"  itemprop=\"thumbnailUrl\" ><div class='av-inner-masonry-sizer'><\/div><figure class='av-inner-masonry main_color'><div class=\"av-masonry-outerimage-container\"><div class='av-masonry-image-container'   ><img class=\"wp-image-10919 avia-img-lazy-loading-not-10919\"  src=\"https:\/\/beta.turismourdaibai.com\/wp-content\/uploads\/2019\/06\/ekoetxea-urdaibai-705x470.jpg\" title=\"Ekoetxea-Urdaibai interpretacion de la Reserva de la Biosfera\" alt=\"ekoetxea-urdaibai\" \/><\/div><\/div><\/figure><\/a><!--end av-masonry entry--><\/div><\/div>\n<\/div><\/div><\/div><!-- close content main div --><\/div><\/div><div id='after_section_2'  class='main_color av_default_container_wrap container_wrap fullsize'  ><div class='container av-section-cont-open' ><div class='template-page content  av-content-full alpha units'><div class='post-entry post-entry-type-page post-entry-1150'><div class='entry-content-wrapper clearfix'>\n<style type=\"text\/css\" data-created_by=\"avia_inline_auto\" id=\"style-css-av-av_one_full-712ca1713983276c90a0f34ca0fbc260\">\n.flex_column.av-av_one_full-712ca1713983276c90a0f34ca0fbc260{\nborder-radius:0px 0px 0px 0px;\npadding:20px 20px 20px 20px;\n}\n<\/style>\n<div  class='flex_column av-av_one_full-712ca1713983276c90a0f34ca0fbc260 av_one_full  avia-builder-el-5  el_after_av_section  el_before_av_google_map  avia-builder-el-no-sibling  first flex_column_div  '     ><p>\n<style type=\"text\/css\" data-created_by=\"avia_inline_auto\" id=\"style-css-av-av_hr-9f848eea7e6212e297a9eb9c1dc09cfa\">\n#top .hr.av-av_hr-9f848eea7e6212e297a9eb9c1dc09cfa{\nmargin-top:1px;\nmargin-bottom:1px;\n}\n.hr.av-av_hr-9f848eea7e6212e297a9eb9c1dc09cfa .hr-inner{\nwidth:50px;\nborder-color:#008bb2;\nmax-width:45%;\n}\n.hr.av-av_hr-9f848eea7e6212e297a9eb9c1dc09cfa .av-seperator-icon{\ncolor:#008bb2;\n}\n<\/style>\n<div  class='hr av-av_hr-9f848eea7e6212e297a9eb9c1dc09cfa hr-custom  avia-builder-el-6  el_before_av_heading  avia-builder-el-first  hr-center hr-icon-yes'><span class='hr-inner inner-border-av-border-thin'><span class=\"hr-inner-style\"><\/span><\/span><span class='av-seperator-icon' aria-hidden='true' data-av_icon='\ue843' data-av_iconfont='entypo-fontello'><\/span><span class='hr-inner inner-border-av-border-thin'><span class=\"hr-inner-style\"><\/span><\/span><\/div><br \/>\n\n<style type=\"text\/css\" data-created_by=\"avia_inline_auto\" id=\"style-css-av-av_heading-0b1fba4314a4b6d36423d0112f8706c3\">\n#top .av-special-heading.av-av_heading-0b1fba4314a4b6d36423d0112f8706c3{\npadding-bottom:10px;\ncolor:#008bb2;\nfont-size:40px;\n}\nbody .av-special-heading.av-av_heading-0b1fba4314a4b6d36423d0112f8706c3 .av-special-heading-tag .heading-char{\nfont-size:25px;\n}\n#top #wrap_all .av-special-heading.av-av_heading-0b1fba4314a4b6d36423d0112f8706c3 .av-special-heading-tag{\nfont-size:40px;\n}\n.av-special-heading.av-av_heading-0b1fba4314a4b6d36423d0112f8706c3 .special-heading-inner-border{\nborder-color:#008bb2;\n}\n.av-special-heading.av-av_heading-0b1fba4314a4b6d36423d0112f8706c3 .av-subheading{\nfont-size:15px;\n}\n\n@media only screen and (min-width: 480px) and (max-width: 767px){ \n#top #wrap_all .av-special-heading.av-av_heading-0b1fba4314a4b6d36423d0112f8706c3 .av-special-heading-tag{\nfont-size:0.8em;\n}\n}\n\n@media only screen and (max-width: 479px){ \n#top #wrap_all .av-special-heading.av-av_heading-0b1fba4314a4b6d36423d0112f8706c3 .av-special-heading-tag{\nfont-size:0.8em;\n}\n}\n<\/style>\n<div  class='av-special-heading av-av_heading-0b1fba4314a4b6d36423d0112f8706c3 av-special-heading-h3 custom-color-heading blockquote modern-quote modern-centered  avia-builder-el-7  el_after_av_hr  avia-builder-el-last  av-inherit-size'><h3 class='av-special-heading-tag'  itemprop=\"headline\"  >LOS IMPRESCINDIBLES<\/h3><div class=\"special-heading-border\"><div class=\"special-heading-inner-border\"><\/div><\/div><\/div><\/p><\/div><\/p>\n<div  class='av_gmaps_sc_main_wrap av_gmaps_main_wrap '><div id='av_gmap_0' class='avia-google-map-container avia-google-map-sc av_gmaps_show_unconditionally av-no-fallback-img ' data-mapid='av_gmap_0'  style='height: 400px;'><a class=\"av_gmaps_browser_disabled av_text_confirm_link av_text_confirm_link_visible\" href=\"https:\/\/www.google.com\/maps\/search\/?api=1&#038;query=gaztelugatxe\" target=\"_blank\" rel=\"noopener\">Maps were disabled by the visitor on this site. Click to open the map in a new window.<\/a><\/div><\/div>\n","protected":false},"excerpt":{"rendered":"","protected":false},"author":1,"featured_media":0,"parent":0,"menu_order":0,"comment_status":"closed","ping_status":"closed","template":"","meta":{"_mi_skip_tracking":false,"_exactmetrics_sitenote_active":false,"_exactmetrics_sitenote_note":"","_exactmetrics_sitenote_category":0},"yoast_head":"<!-- This site is optimized with the Yoast SEO plugin v20.10 - https:\/\/yoast.com\/wordpress\/plugins\/seo\/ -->\n<title>Sum\u00e9rgete en los lugares m\u00e1s impresionantes de Urdaibai. Joyas que re\u00fanen todo lo necesario para hacer tu visita \u00fanica.<\/title>\n<meta name=\"description\" content=\"Sum\u00e9rgete en los lugares m\u00e1s impresionantes de Urdaibai. Joyas que re\u00fanen todo lo necesario para hacer tu visita \u00fanica.\" \/>\n<meta name=\"robots\" content=\"index, follow, max-snippet:-1, max-image-preview:large, max-video-preview:-1\" \/>\n<link rel=\"canonical\" href=\"https:\/\/beta.turismourdaibai.com\/es\/destacados\/\" \/>\n<meta property=\"og:locale\" content=\"es_ES\" \/>\n<meta property=\"og:type\" content=\"article\" \/>\n<meta property=\"og:title\" content=\"Sum\u00e9rgete en los lugares m\u00e1s impresionantes de Urdaibai. Joyas que re\u00fanen todo lo necesario para hacer tu visita \u00fanica.\" \/>\n<meta property=\"og:description\" content=\"Sum\u00e9rgete en los lugares m\u00e1s impresionantes de Urdaibai. Joyas que re\u00fanen todo lo necesario para hacer tu visita \u00fanica.\" \/>\n<meta property=\"og:url\" content=\"https:\/\/beta.turismourdaibai.com\/es\/destacados\/\" \/>\n<meta property=\"og:site_name\" content=\"Turismo Urdaibai \/ Web oficial\" \/>\n<meta property=\"article:publisher\" content=\"https:\/\/es-es.facebook.com\/Turismourdaibai\/\" \/>\n<meta property=\"article:modified_time\" content=\"2020-04-03T15:00:09+00:00\" \/>\n<meta name=\"twitter:card\" content=\"summary_large_image\" \/>\n<meta name=\"twitter:site\" content=\"@turismourdaibai\" \/>\n<meta name=\"twitter:label1\" content=\"Tiempo de lectura\" \/>\n\t<meta name=\"twitter:data1\" content=\"5 minutos\" \/>\n<script type=\"application\/ld+json\" class=\"yoast-schema-graph\">{\"@context\":\"https:\/\/schema.org\",\"@graph\":[{\"@type\":\"WebPage\",\"@id\":\"https:\/\/beta.turismourdaibai.com\/es\/destacados\/\",\"url\":\"https:\/\/beta.turismourdaibai.com\/es\/destacados\/\",\"name\":\"Sum\u00e9rgete en los lugares m\u00e1s impresionantes de Urdaibai. Joyas que re\u00fanen todo lo necesario para hacer tu visita \u00fanica.\",\"isPartOf\":{\"@id\":\"https:\/\/beta.turismourdaibai.com\/es\/#website\"},\"datePublished\":\"2018-04-11T12:06:14+00:00\",\"dateModified\":\"2020-04-03T15:00:09+00:00\",\"description\":\"Sum\u00e9rgete en los lugares m\u00e1s impresionantes de Urdaibai. Joyas que re\u00fanen todo lo necesario para hacer tu visita \u00fanica.\",\"breadcrumb\":{\"@id\":\"https:\/\/beta.turismourdaibai.com\/es\/destacados\/#breadcrumb\"},\"inLanguage\":\"es\",\"potentialAction\":[{\"@type\":\"ReadAction\",\"target\":[\"https:\/\/beta.turismourdaibai.com\/es\/destacados\/\"]}]},{\"@type\":\"BreadcrumbList\",\"@id\":\"https:\/\/beta.turismourdaibai.com\/es\/destacados\/#breadcrumb\",\"itemListElement\":[{\"@type\":\"ListItem\",\"position\":1,\"name\":\"Portada\",\"item\":\"https:\/\/beta.turismourdaibai.com\/es\/\"},{\"@type\":\"ListItem\",\"position\":2,\"name\":\"Destacados\"}]},{\"@type\":\"WebSite\",\"@id\":\"https:\/\/beta.turismourdaibai.com\/es\/#website\",\"url\":\"https:\/\/beta.turismourdaibai.com\/es\/\",\"name\":\"Turismo Urdaibai \/ Web oficial\",\"description\":\"\u00bfQuieres conocer un universo natural en el que vivir experiencias \u00fanicas? Una cultura y un patrimonio cautivador; un paisaje seductor; rutas y turismo activo para todos los gustos\u2026\",\"potentialAction\":[{\"@type\":\"SearchAction\",\"target\":{\"@type\":\"EntryPoint\",\"urlTemplate\":\"https:\/\/beta.turismourdaibai.com\/es\/?s={search_term_string}\"},\"query-input\":\"required name=search_term_string\"}],\"inLanguage\":\"es\"}]}<\/script>\n<!-- \/ Yoast SEO plugin. -->","yoast_head_json":{"title":"Sum\u00e9rgete en los lugares m\u00e1s impresionantes de Urdaibai. Joyas que re\u00fanen todo lo necesario para hacer tu visita \u00fanica.","description":"Sum\u00e9rgete en los lugares m\u00e1s impresionantes de Urdaibai. Joyas que re\u00fanen todo lo necesario para hacer tu visita \u00fanica.","robots":{"index":"index","follow":"follow","max-snippet":"max-snippet:-1","max-image-preview":"max-image-preview:large","max-video-preview":"max-video-preview:-1"},"canonical":"https:\/\/beta.turismourdaibai.com\/es\/destacados\/","og_locale":"es_ES","og_type":"article","og_title":"Sum\u00e9rgete en los lugares m\u00e1s impresionantes de Urdaibai. Joyas que re\u00fanen todo lo necesario para hacer tu visita \u00fanica.","og_description":"Sum\u00e9rgete en los lugares m\u00e1s impresionantes de Urdaibai. Joyas que re\u00fanen todo lo necesario para hacer tu visita \u00fanica.","og_url":"https:\/\/beta.turismourdaibai.com\/es\/destacados\/","og_site_name":"Turismo Urdaibai \/ Web oficial","article_publisher":"https:\/\/es-es.facebook.com\/Turismourdaibai\/","article_modified_time":"2020-04-03T15:00:09+00:00","twitter_card":"summary_large_image","twitter_site":"@turismourdaibai","twitter_misc":{"Tiempo de lectura":"5 minutos"},"schema":{"@context":"https:\/\/schema.org","@graph":[{"@type":"WebPage","@id":"https:\/\/beta.turismourdaibai.com\/es\/destacados\/","url":"https:\/\/beta.turismourdaibai.com\/es\/destacados\/","name":"Sum\u00e9rgete en los lugares m\u00e1s impresionantes de Urdaibai. Joyas que re\u00fanen todo lo necesario para hacer tu visita \u00fanica.","isPartOf":{"@id":"https:\/\/beta.turismourdaibai.com\/es\/#website"},"datePublished":"2018-04-11T12:06:14+00:00","dateModified":"2020-04-03T15:00:09+00:00","description":"Sum\u00e9rgete en los lugares m\u00e1s impresionantes de Urdaibai. Joyas que re\u00fanen todo lo necesario para hacer tu visita \u00fanica.","breadcrumb":{"@id":"https:\/\/beta.turismourdaibai.com\/es\/destacados\/#breadcrumb"},"inLanguage":"es","potentialAction":[{"@type":"ReadAction","target":["https:\/\/beta.turismourdaibai.com\/es\/destacados\/"]}]},{"@type":"BreadcrumbList","@id":"https:\/\/beta.turismourdaibai.com\/es\/destacados\/#breadcrumb","itemListElement":[{"@type":"ListItem","position":1,"name":"Portada","item":"https:\/\/beta.turismourdaibai.com\/es\/"},{"@type":"ListItem","position":2,"name":"Destacados"}]},{"@type":"WebSite","@id":"https:\/\/beta.turismourdaibai.com\/es\/#website","url":"https:\/\/beta.turismourdaibai.com\/es\/","name":"Turismo Urdaibai \/ Web oficial","description":"\u00bfQuieres conocer un universo natural en el que vivir experiencias \u00fanicas? Una cultura y un patrimonio cautivador; un paisaje seductor; rutas y turismo activo para todos los gustos\u2026","potentialAction":[{"@type":"SearchAction","target":{"@type":"EntryPoint","urlTemplate":"https:\/\/beta.turismourdaibai.com\/es\/?s={search_term_string}"},"query-input":"required name=search_term_string"}],"inLanguage":"es"}]}},"_links":{"self":[{"href":"https:\/\/beta.turismourdaibai.com\/es\/wp-json\/wp\/v2\/pages\/1150"}],"collection":[{"href":"https:\/\/beta.turismourdaibai.com\/es\/wp-json\/wp\/v2\/pages"}],"about":[{"href":"https:\/\/beta.turismourdaibai.com\/es\/wp-json\/wp\/v2\/types\/page"}],"author":[{"embeddable":true,"href":"https:\/\/beta.turismourdaibai.com\/es\/wp-json\/wp\/v2\/users\/1"}],"replies":[{"embeddable":true,"href":"https:\/\/beta.turismourdaibai.com\/es\/wp-json\/wp\/v2\/comments?post=1150"}],"version-history":[{"count":53,"href":"https:\/\/beta.turismourdaibai.com\/es\/wp-json\/wp\/v2\/pages\/1150\/revisions"}],"predecessor-version":[{"id":16651,"href":"https:\/\/beta.turismourdaibai.com\/es\/wp-json\/wp\/v2\/pages\/1150\/revisions\/16651"}],"wp:attachment":[{"href":"https:\/\/beta.turismourdaibai.com\/es\/wp-json\/wp\/v2\/media?parent=1150"}],"curies":[{"name":"wp","href":"https:\/\/api.w.org\/{rel}","templated":true}]}}