{"id":3687,"date":"2018-10-01T08:17:27","date_gmt":"2018-10-01T08:17:27","guid":{"rendered":"http:\/\/turismourdaibai.com\/?page_id=3687"},"modified":"2019-07-08T07:36:04","modified_gmt":"2019-07-08T07:36:04","slug":"urdaibai-en-tren","status":"publish","type":"page","link":"https:\/\/beta.turismourdaibai.com\/es\/urdaibai-en-tren\/","title":{"rendered":"Urdaibai en tren"},"content":{"rendered":"<div id='full_slider_1'  class='avia-fullwidth-slider main_color avia-shadow   avia-builder-el-0  el_before_av_section  avia-builder-el-first   container_wrap fullsize'  >\n<style type=\"text\/css\" data-created_by=\"avia_inline_auto\" id=\"style-css-av-av_slideshow_full-2b62c851d30512132212bd5a87de0d38\">\n#top #wrap_all .avia-slideshow .av-slideshow-caption.av-av_slideshow_full-2b62c851d30512132212bd5a87de0d38__0 .avia-caption-title{\nfont-size:90px;\n}\n<\/style>\n<div  class='avia-slideshow av-av_slideshow_full-2b62c851d30512132212bd5a87de0d38 avia-slideshow-featured av_slideshow_full avia-fade-slider av-slideshow-ui av-control-default av-slideshow-manual av-loop-once av-loop-manual-endless av-default-height-applied   avia-slideshow-1' data-slideshow-options=\"{&quot;animation&quot;:&quot;fade&quot;,&quot;autoplay&quot;:false,&quot;loop_autoplay&quot;:&quot;once&quot;,&quot;interval&quot;:5,&quot;loop_manual&quot;:&quot;manual-endless&quot;,&quot;autoplay_stopper&quot;:false,&quot;noNavigation&quot;:false,&quot;bg_slider&quot;:false,&quot;keep_padding&quot;:false,&quot;hoverpause&quot;:false,&quot;show_slide_delay&quot;:0}\"  itemprop=\"image\" itemscope=\"itemscope\" itemtype=\"https:\/\/schema.org\/ImageObject\" ><ul class='avia-slideshow-inner ' style='padding-bottom: 28.666666666667%;'><li  class='avia-slideshow-slide av-av_slideshow_full-2b62c851d30512132212bd5a87de0d38__0  av-single-slide slide-1 slide-odd'><div data-rel='slideshow-1' class='avia-slide-wrap '   ><img class=\"wp-image-5438 avia-img-lazy-loading-not-5438\"  src='https:\/\/beta.turismourdaibai.com\/wp-content\/uploads\/2018\/12\/cabecera-tren.jpg' width='1500' height='430' title='tren Urdaibai' alt='tren Urdaibai'  itemprop=\"thumbnailUrl\"   \/><\/div><\/li><\/ul><\/div><\/div>\n<div id='av_section_1'  class='avia-section av-av_section-2dcda1862a94bb522b437cf4f29dd74d main_color avia-section-default avia-no-shadow  avia-builder-el-1  el_after_av_slideshow_full  el_before_av_section  avia-bg-style-scroll container_wrap fullsize'  ><div class='container av-section-cont-open' ><div class='template-page content  av-content-full alpha units'><div class='post-entry post-entry-type-page post-entry-3687'><div class='entry-content-wrapper clearfix'>\n\n<style type=\"text\/css\" data-created_by=\"avia_inline_auto\" id=\"style-css-av-av_heading-325889c40616b261cd4cfd30d202a52b\">\n#top .av-special-heading.av-av_heading-325889c40616b261cd4cfd30d202a52b{\npadding-bottom:10px;\ncolor:#008bb2;\nfont-size:45px;\n}\nbody .av-special-heading.av-av_heading-325889c40616b261cd4cfd30d202a52b .av-special-heading-tag .heading-char{\nfont-size:25px;\n}\n#top #wrap_all .av-special-heading.av-av_heading-325889c40616b261cd4cfd30d202a52b .av-special-heading-tag{\nfont-size:45px;\n}\n.av-special-heading.av-av_heading-325889c40616b261cd4cfd30d202a52b .special-heading-inner-border{\nborder-color:#008bb2;\n}\n.av-special-heading.av-av_heading-325889c40616b261cd4cfd30d202a52b .av-subheading{\nfont-size:15px;\n}\n\n@media only screen and (min-width: 480px) and (max-width: 767px){ \n#top #wrap_all .av-special-heading.av-av_heading-325889c40616b261cd4cfd30d202a52b .av-special-heading-tag{\nfont-size:0.8em;\n}\n}\n\n@media only screen and (max-width: 479px){ \n#top #wrap_all .av-special-heading.av-av_heading-325889c40616b261cd4cfd30d202a52b .av-special-heading-tag{\nfont-size:0.8em;\n}\n}\n<\/style>\n<div  class='av-special-heading av-av_heading-325889c40616b261cd4cfd30d202a52b av-special-heading-h1 custom-color-heading blockquote modern-quote  avia-builder-el-2  el_before_av_textblock  avia-builder-el-first  av-inherit-size'><h1 class='av-special-heading-tag'  itemprop=\"headline\"  >URDAIBAI EN TREN<\/h1><div class=\"special-heading-border\"><div class=\"special-heading-inner-border\"><\/div><\/div><\/div>\n<section  class='av_textblock_section av-av_textblock-2bd894dbf2e4bf2c4acf98ce4fbf94aa '   itemscope=\"itemscope\" itemtype=\"https:\/\/schema.org\/CreativeWork\" ><div class='avia_textblock'  itemprop=\"text\" ><h2>Este sistema de transporte, c\u00f3modo y sostenible, te adentra en el coraz\u00f3n de Urdaibai.<\/h2>\n<\/div><\/section>\n<\/div><\/div><\/div><!-- close content main div --><\/div><\/div><div id='av_section_2'  class='avia-section av-av_section-2dcda1862a94bb522b437cf4f29dd74d main_color avia-section-default avia-no-shadow  avia-builder-el-4  el_after_av_section  el_before_av_section  avia-bg-style-scroll container_wrap fullsize'  ><div class='container av-section-cont-open' ><div class='template-page content  av-content-full alpha units'><div class='post-entry post-entry-type-page post-entry-3687'><div class='entry-content-wrapper clearfix'>\n\n<style type=\"text\/css\" data-created_by=\"avia_inline_auto\" id=\"style-css-av-av_two_third-15d750bd1b332b34c6e70b077ebbccdf\">\n.flex_column.av-av_two_third-15d750bd1b332b34c6e70b077ebbccdf{\nborder-radius:0px 0px 0px 0px;\npadding:0px 0px 0px 0px;\n}\n<\/style>\n<div  class='flex_column av-av_two_third-15d750bd1b332b34c6e70b077ebbccdf av_two_third  avia-builder-el-5  el_before_av_one_third  avia-builder-el-first  first flex_column_div av-zero-column-padding  '     ><section  class='av_textblock_section av-av_textblock-2bd894dbf2e4bf2c4acf98ce4fbf94aa '   itemscope=\"itemscope\" itemtype=\"https:\/\/schema.org\/CreativeWork\" ><div class='avia_textblock'  itemprop=\"text\" ><p><span style=\"color: #000000;\">Un tren accesible y de calidad, que circula por la margen izquierda de la r\u00eda, y que te permitir\u00e1 conocer la belleza de Gernika-Lumo, Forua, Murueta, Busturia, Sukarrieta, Mundaka y Bermeo.<\/span><\/p>\n<p><span style=\"color: #000000;\">Durante el viaje por Urdaibai tendr\u00e1s la sensaci\u00f3n de atravesar la marisma; un hermoso paisaje asomar\u00e1 por la ventana, con instant\u00e1neas del arenal de Laida, Izaro, Ogo\u00f1o y suaves campas de intenso verde. Una invitaci\u00f3n a parar en las distintas estaciones.<\/span><\/p>\n<\/div><\/section><\/div>\n<style type=\"text\/css\" data-created_by=\"avia_inline_auto\" id=\"style-css-av-av_one_third-c8fc129dc35fd1ae2a1e410224d39ea8\">\n.flex_column.av-av_one_third-c8fc129dc35fd1ae2a1e410224d39ea8{\nborder-radius:0px 0px 0px 0px;\npadding:0px 0px 0px 0px;\n}\n<\/style>\n<div  class='flex_column av-av_one_third-c8fc129dc35fd1ae2a1e410224d39ea8 av_one_third  avia-builder-el-7  el_after_av_two_third  avia-builder-el-last  flex_column_div av-zero-column-padding  '     ><article  class='iconbox iconbox_left av-av_icon_box-7480a0df168c84cb9cb9d21285f87971  avia-builder-el-8  avia-builder-el-no-sibling '  itemscope=\"itemscope\" itemtype=\"https:\/\/schema.org\/CreativeWork\" ><div class=\"iconbox_content\"><header class=\"entry-content-header\"><div class=\"iconbox_icon heading-color\" aria-hidden='true' data-av_icon='\uf239' data-av_iconfont='fontello'><\/div><h3 class='iconbox_content_title '  itemprop=\"headline\" >Tren<\/h3><\/header><div class='iconbox_content_container '  itemprop=\"text\" ><div class=\"iconbox_content_container \">\n<ul>\n<li>\n<h6>Euskotren<\/h6>\n<\/li>\n<\/ul>\n<h6 style=\"padding-left: 60px;\">L\u00ednea Bilbao-Bermeo-Bilbao<\/h6>\n<h6 style=\"padding-left: 60px;\">Tel\u00e9fono: 944 333 333<\/h6>\n<h6><span style=\"color: #008bb2;\"><a style=\"color: #008bb2;\" href=\"https:\/\/www.euskotren.eus\/tren\/turismo\" target=\"_blank\" rel=\"noopener noreferrer\">Informaci\u00f3n<\/a><\/span><\/h6>\n<h6 style=\"padding-left: 60px;\"><\/h6>\n<\/div>\n<\/div><\/div><footer class=\"entry-footer\"><\/footer><\/article><\/div>\n<\/p>\n<\/div><\/div><\/div><!-- close content main div --><\/div><\/div>\n<style type=\"text\/css\" data-created_by=\"avia_inline_auto\" id=\"style-css-av-av_section-880ba1900f9e3f5bcca1be5621487f91\">\n.avia-section.av-av_section-880ba1900f9e3f5bcca1be5621487f91 .av-section-color-overlay{\nopacity:0.5;\nbackground-color:#008bb2;\nbackground-image:url(https:\/\/beta.turismourdaibai.com\/wp-content\/themes\/enfold\/images\/background-images\/dots-mini-light.png);\nbackground-repeat:repeat;\n}\n<\/style>\n<div id='av_section_3'  class='avia-section av-av_section-880ba1900f9e3f5bcca1be5621487f91 main_color avia-section-default avia-no-shadow  avia-builder-el-9  el_after_av_section  avia-builder-el-last  avia-bg-style-scroll av-section-color-overlay-active container_wrap fullsize'  ><div class=\"av-section-color-overlay-wrap\"><div class=\"av-section-color-overlay\"><\/div><div class='container av-section-cont-open' ><div class='template-page content  av-content-full alpha units'><div class='post-entry post-entry-type-page post-entry-3687'><div class='entry-content-wrapper clearfix'>\n\n<style type=\"text\/css\" data-created_by=\"avia_inline_auto\" id=\"style-css-av-av_one_full-15d750bd1b332b34c6e70b077ebbccdf\">\n.flex_column.av-av_one_full-15d750bd1b332b34c6e70b077ebbccdf{\nborder-radius:0px 0px 0px 0px;\npadding:0px 0px 0px 0px;\n}\n<\/style>\n<div  class='flex_column av-av_one_full-15d750bd1b332b34c6e70b077ebbccdf av_one_full  avia-builder-el-10  el_before_av_one_fourth  avia-builder-el-first  first flex_column_div av-zero-column-padding  '     ><style type=\"text\/css\" data-created_by=\"avia_inline_auto\" id=\"style-css-av-av_heading-758d955f1930a222dc9209f5e75755b1\">\n#top .av-special-heading.av-av_heading-758d955f1930a222dc9209f5e75755b1{\npadding-bottom:10px;\ncolor:#ffffff;\nfont-size:45px;\n}\nbody .av-special-heading.av-av_heading-758d955f1930a222dc9209f5e75755b1 .av-special-heading-tag .heading-char{\nfont-size:25px;\n}\n#top #wrap_all .av-special-heading.av-av_heading-758d955f1930a222dc9209f5e75755b1 .av-special-heading-tag{\nfont-size:45px;\n}\n.av-special-heading.av-av_heading-758d955f1930a222dc9209f5e75755b1 .special-heading-inner-border{\nborder-color:#ffffff;\n}\n.av-special-heading.av-av_heading-758d955f1930a222dc9209f5e75755b1 .av-subheading{\nfont-size:15px;\n}\n\n@media only screen and (min-width: 480px) and (max-width: 767px){ \n#top #wrap_all .av-special-heading.av-av_heading-758d955f1930a222dc9209f5e75755b1 .av-special-heading-tag{\nfont-size:0.8em;\n}\n}\n\n@media only screen and (max-width: 479px){ \n#top #wrap_all .av-special-heading.av-av_heading-758d955f1930a222dc9209f5e75755b1 .av-special-heading-tag{\nfont-size:0.8em;\n}\n}\n<\/style>\n<div  class='av-special-heading av-av_heading-758d955f1930a222dc9209f5e75755b1 av-special-heading-h3 custom-color-heading blockquote modern-quote modern-centered  avia-builder-el-11  avia-builder-el-no-sibling  av-inherit-size'><h3 class='av-special-heading-tag'  itemprop=\"headline\"  >Y ADEM\u00c1S&#8230;<\/h3><div class=\"special-heading-border\"><div class=\"special-heading-inner-border\"><\/div><\/div><\/div><\/div><div class='flex_column_table av-av_one_fourth-2fc79049abc47880ea38b5f0805afa77 sc-av_one_fourth av-equal-height-column-flextable'>\n<style type=\"text\/css\" data-created_by=\"avia_inline_auto\" id=\"style-css-av-av_one_fourth-2fc79049abc47880ea38b5f0805afa77\">\n.flex_column.av-av_one_fourth-2fc79049abc47880ea38b5f0805afa77{\nborder-radius:0px 0px 0px 0px;\npadding:0px 0px 0px 0px;\n}\n<\/style>\n<div  class='flex_column av-av_one_fourth-2fc79049abc47880ea38b5f0805afa77 av_one_fourth  avia-builder-el-12  el_after_av_one_full  el_before_av_one_fourth  first flex_column_table_cell av-equal-height-column av-align-middle av-animated-generic av-rotateIn av-zero-column-padding  column-top-margin'     ><div  class='avia-button-wrap av-av_button-17948b0f021219097de9905f10691c02-wrap avia-button-center  avia-builder-el-13  avia-builder-el-no-sibling '>\n<style type=\"text\/css\" data-created_by=\"avia_inline_auto\" id=\"style-css-av-av_button-17948b0f021219097de9905f10691c02\">\n#top #wrap_all .avia-button.av-av_button-17948b0f021219097de9905f10691c02{\nbackground-color:#008bb2;\nborder-color:#008bb2;\ncolor:#ffffff;\ntransition:all 0.4s ease-in-out;\n}\n<\/style>\n<a href='\/patrimonio\/'  class='avia-button av-av_button-17948b0f021219097de9905f10691c02 avia-icon_select-no avia-size-x-large avia-position-center'  ><span class='avia_iconbox_title' >PATRIMONIO<\/span><\/a><\/div><\/div><div class='av-flex-placeholder'><\/div>\n<style type=\"text\/css\" data-created_by=\"avia_inline_auto\" id=\"style-css-av-av_one_fourth-287d585e9cc13345f58fcf711e9e7cf3\">\n.flex_column.av-av_one_fourth-287d585e9cc13345f58fcf711e9e7cf3{\nborder-radius:0px 0px 0px 0px;\npadding:0px 0px 0px 0px;\n}\n<\/style>\n<div  class='flex_column av-av_one_fourth-287d585e9cc13345f58fcf711e9e7cf3 av_one_fourth  avia-builder-el-14  el_after_av_one_fourth  el_before_av_one_fourth  flex_column_table_cell av-equal-height-column av-align-middle av-animated-generic av-rotateIn av-zero-column-padding  column-top-margin'     ><div  class='avia-button-wrap av-av_button-49d03e0644d64d56cf15e9e8664667ae-wrap avia-button-center  avia-builder-el-15  avia-builder-el-no-sibling '>\n<style type=\"text\/css\" data-created_by=\"avia_inline_auto\" id=\"style-css-av-av_button-49d03e0644d64d56cf15e9e8664667ae\">\n#top #wrap_all .avia-button.av-av_button-49d03e0644d64d56cf15e9e8664667ae{\nbackground-color:#008bb2;\nborder-color:#008bb2;\ncolor:#ffffff;\ntransition:all 0.4s ease-in-out;\n}\n<\/style>\n<a href='\/alojamientos\/'  class='avia-button av-av_button-49d03e0644d64d56cf15e9e8664667ae avia-icon_select-no avia-size-x-large avia-position-center'  ><span class='avia_iconbox_title' >DONDE DORMIR<\/span><\/a><\/div><\/div><div class='av-flex-placeholder'><\/div>\n<style type=\"text\/css\" data-created_by=\"avia_inline_auto\" id=\"style-css-av-av_one_fourth-287d585e9cc13345f58fcf711e9e7cf3\">\n.flex_column.av-av_one_fourth-287d585e9cc13345f58fcf711e9e7cf3{\nborder-radius:0px 0px 0px 0px;\npadding:0px 0px 0px 0px;\n}\n<\/style>\n<div  class='flex_column av-av_one_fourth-287d585e9cc13345f58fcf711e9e7cf3 av_one_fourth  avia-builder-el-16  el_after_av_one_fourth  el_before_av_one_fourth  flex_column_table_cell av-equal-height-column av-align-middle av-animated-generic av-rotateIn av-zero-column-padding  column-top-margin'     ><div  class='avia-button-wrap av-av_button-314301c2529c28607d93f5c8af6fe072-wrap avia-button-center  avia-builder-el-17  avia-builder-el-no-sibling '>\n<style type=\"text\/css\" data-created_by=\"avia_inline_auto\" id=\"style-css-av-av_button-314301c2529c28607d93f5c8af6fe072\">\n#top #wrap_all .avia-button.av-av_button-314301c2529c28607d93f5c8af6fe072{\nbackground-color:#008bb2;\nborder-color:#008bb2;\ncolor:#ffffff;\ntransition:all 0.4s ease-in-out;\n}\n<\/style>\n<a href='https:\/\/beta.turismourdaibai.com\/es\/6-rutas-para-descubrir-urdaibai\/'  class='avia-button av-av_button-314301c2529c28607d93f5c8af6fe072 avia-icon_select-no avia-size-x-large avia-position-center'  ><span class='avia_iconbox_title' >RUTAS<\/span><\/a><\/div><\/div><div class='av-flex-placeholder'><\/div>\n<style type=\"text\/css\" data-created_by=\"avia_inline_auto\" id=\"style-css-av-av_one_fourth-287d585e9cc13345f58fcf711e9e7cf3\">\n.flex_column.av-av_one_fourth-287d585e9cc13345f58fcf711e9e7cf3{\nborder-radius:0px 0px 0px 0px;\npadding:0px 0px 0px 0px;\n}\n<\/style>\n<div  class='flex_column av-av_one_fourth-287d585e9cc13345f58fcf711e9e7cf3 av_one_fourth  avia-builder-el-18  el_after_av_one_fourth  avia-builder-el-last  flex_column_table_cell av-equal-height-column av-align-middle av-animated-generic av-rotateIn av-zero-column-padding  column-top-margin'     ><div  class='avia-button-wrap av-av_button-6d83f4e521a8a01ed25fa85fc2c71887-wrap avia-button-center  avia-builder-el-19  avia-builder-el-no-sibling '>\n<style type=\"text\/css\" data-created_by=\"avia_inline_auto\" id=\"style-css-av-av_button-6d83f4e521a8a01ed25fa85fc2c71887\">\n#top #wrap_all .avia-button.av-av_button-6d83f4e521a8a01ed25fa85fc2c71887{\nbackground-color:#008bb2;\nborder-color:#008bb2;\ncolor:#ffffff;\ntransition:all 0.4s ease-in-out;\n}\n<\/style>\n<a href='\/bodegas-de-txakoli\/'  class='avia-button av-av_button-6d83f4e521a8a01ed25fa85fc2c71887 avia-icon_select-no avia-size-x-large avia-position-center'  ><span class='avia_iconbox_title' >BODEGAS <\/span><\/a><\/div><\/div><\/div><!--close column table wrapper. Autoclose: 1 -->\n\n","protected":false},"excerpt":{"rendered":"","protected":false},"author":1,"featured_media":0,"parent":0,"menu_order":0,"comment_status":"closed","ping_status":"closed","template":"","meta":{"_mi_skip_tracking":false,"_exactmetrics_sitenote_active":false,"_exactmetrics_sitenote_note":"","_exactmetrics_sitenote_category":0},"yoast_head":"<!-- This site is optimized with the Yoast SEO plugin v20.10 - https:\/\/yoast.com\/wordpress\/plugins\/seo\/ -->\n<title>Urdaibai en tren - Turismo Urdaibai \/ Web oficial<\/title>\n<meta name=\"description\" content=\"Un tren accesible y de calidad, que circula por la margen izquierda de la r\u00eda, y que te permitir\u00e1 conocer la belleza de Gernika-Lumo, Forua, Murueta, Busturia, Sukarrieta, Mundaka y Bermeo.\" \/>\n<meta name=\"robots\" content=\"index, follow, max-snippet:-1, max-image-preview:large, max-video-preview:-1\" \/>\n<link rel=\"canonical\" href=\"https:\/\/beta.turismourdaibai.com\/es\/urdaibai-en-tren\/\" \/>\n<meta property=\"og:locale\" content=\"es_ES\" \/>\n<meta property=\"og:type\" content=\"article\" \/>\n<meta property=\"og:title\" content=\"Urdaibai en tren - Turismo Urdaibai \/ Web oficial\" \/>\n<meta property=\"og:description\" content=\"Un tren accesible y de calidad, que circula por la margen izquierda de la r\u00eda, y que te permitir\u00e1 conocer la belleza de Gernika-Lumo, Forua, Murueta, Busturia, Sukarrieta, Mundaka y Bermeo.\" \/>\n<meta property=\"og:url\" content=\"https:\/\/beta.turismourdaibai.com\/es\/urdaibai-en-tren\/\" \/>\n<meta property=\"og:site_name\" content=\"Turismo Urdaibai \/ Web oficial\" \/>\n<meta property=\"article:publisher\" content=\"https:\/\/es-es.facebook.com\/Turismourdaibai\/\" \/>\n<meta property=\"article:modified_time\" content=\"2019-07-08T07:36:04+00:00\" \/>\n<meta name=\"twitter:card\" content=\"summary_large_image\" \/>\n<meta name=\"twitter:site\" content=\"@turismourdaibai\" \/>\n<meta name=\"twitter:label1\" content=\"Tiempo de lectura\" \/>\n\t<meta name=\"twitter:data1\" content=\"7 minutos\" \/>\n<script type=\"application\/ld+json\" class=\"yoast-schema-graph\">{\"@context\":\"https:\/\/schema.org\",\"@graph\":[{\"@type\":\"WebPage\",\"@id\":\"https:\/\/beta.turismourdaibai.com\/es\/urdaibai-en-tren\/\",\"url\":\"https:\/\/beta.turismourdaibai.com\/es\/urdaibai-en-tren\/\",\"name\":\"Urdaibai en tren - Turismo Urdaibai \/ Web oficial\",\"isPartOf\":{\"@id\":\"https:\/\/beta.turismourdaibai.com\/es\/#website\"},\"datePublished\":\"2018-10-01T08:17:27+00:00\",\"dateModified\":\"2019-07-08T07:36:04+00:00\",\"description\":\"Un tren accesible y de calidad, que circula por la margen izquierda de la r\u00eda, y que te permitir\u00e1 conocer la belleza de Gernika-Lumo, Forua, Murueta, Busturia, Sukarrieta, Mundaka y Bermeo.\",\"breadcrumb\":{\"@id\":\"https:\/\/beta.turismourdaibai.com\/es\/urdaibai-en-tren\/#breadcrumb\"},\"inLanguage\":\"es\",\"potentialAction\":[{\"@type\":\"ReadAction\",\"target\":[\"https:\/\/beta.turismourdaibai.com\/es\/urdaibai-en-tren\/\"]}]},{\"@type\":\"BreadcrumbList\",\"@id\":\"https:\/\/beta.turismourdaibai.com\/es\/urdaibai-en-tren\/#breadcrumb\",\"itemListElement\":[{\"@type\":\"ListItem\",\"position\":1,\"name\":\"Portada\",\"item\":\"https:\/\/beta.turismourdaibai.com\/es\/\"},{\"@type\":\"ListItem\",\"position\":2,\"name\":\"Urdaibai en tren\"}]},{\"@type\":\"WebSite\",\"@id\":\"https:\/\/beta.turismourdaibai.com\/es\/#website\",\"url\":\"https:\/\/beta.turismourdaibai.com\/es\/\",\"name\":\"Turismo Urdaibai \/ Web oficial\",\"description\":\"\u00bfQuieres conocer un universo natural en el que vivir experiencias \u00fanicas? Una cultura y un patrimonio cautivador; un paisaje seductor; rutas y turismo activo para todos los gustos\u2026\",\"potentialAction\":[{\"@type\":\"SearchAction\",\"target\":{\"@type\":\"EntryPoint\",\"urlTemplate\":\"https:\/\/beta.turismourdaibai.com\/es\/?s={search_term_string}\"},\"query-input\":\"required name=search_term_string\"}],\"inLanguage\":\"es\"}]}<\/script>\n<!-- \/ Yoast SEO plugin. -->","yoast_head_json":{"title":"Urdaibai en tren - Turismo Urdaibai \/ Web oficial","description":"Un tren accesible y de calidad, que circula por la margen izquierda de la r\u00eda, y que te permitir\u00e1 conocer la belleza de Gernika-Lumo, Forua, Murueta, Busturia, Sukarrieta, Mundaka y Bermeo.","robots":{"index":"index","follow":"follow","max-snippet":"max-snippet:-1","max-image-preview":"max-image-preview:large","max-video-preview":"max-video-preview:-1"},"canonical":"https:\/\/beta.turismourdaibai.com\/es\/urdaibai-en-tren\/","og_locale":"es_ES","og_type":"article","og_title":"Urdaibai en tren - Turismo Urdaibai \/ Web oficial","og_description":"Un tren accesible y de calidad, que circula por la margen izquierda de la r\u00eda, y que te permitir\u00e1 conocer la belleza de Gernika-Lumo, Forua, Murueta, Busturia, Sukarrieta, Mundaka y Bermeo.","og_url":"https:\/\/beta.turismourdaibai.com\/es\/urdaibai-en-tren\/","og_site_name":"Turismo Urdaibai \/ Web oficial","article_publisher":"https:\/\/es-es.facebook.com\/Turismourdaibai\/","article_modified_time":"2019-07-08T07:36:04+00:00","twitter_card":"summary_large_image","twitter_site":"@turismourdaibai","twitter_misc":{"Tiempo de lectura":"7 minutos"},"schema":{"@context":"https:\/\/schema.org","@graph":[{"@type":"WebPage","@id":"https:\/\/beta.turismourdaibai.com\/es\/urdaibai-en-tren\/","url":"https:\/\/beta.turismourdaibai.com\/es\/urdaibai-en-tren\/","name":"Urdaibai en tren - Turismo Urdaibai \/ Web oficial","isPartOf":{"@id":"https:\/\/beta.turismourdaibai.com\/es\/#website"},"datePublished":"2018-10-01T08:17:27+00:00","dateModified":"2019-07-08T07:36:04+00:00","description":"Un tren accesible y de calidad, que circula por la margen izquierda de la r\u00eda, y que te permitir\u00e1 conocer la belleza de Gernika-Lumo, Forua, Murueta, Busturia, Sukarrieta, Mundaka y Bermeo.","breadcrumb":{"@id":"https:\/\/beta.turismourdaibai.com\/es\/urdaibai-en-tren\/#breadcrumb"},"inLanguage":"es","potentialAction":[{"@type":"ReadAction","target":["https:\/\/beta.turismourdaibai.com\/es\/urdaibai-en-tren\/"]}]},{"@type":"BreadcrumbList","@id":"https:\/\/beta.turismourdaibai.com\/es\/urdaibai-en-tren\/#breadcrumb","itemListElement":[{"@type":"ListItem","position":1,"name":"Portada","item":"https:\/\/beta.turismourdaibai.com\/es\/"},{"@type":"ListItem","position":2,"name":"Urdaibai en tren"}]},{"@type":"WebSite","@id":"https:\/\/beta.turismourdaibai.com\/es\/#website","url":"https:\/\/beta.turismourdaibai.com\/es\/","name":"Turismo Urdaibai \/ Web oficial","description":"\u00bfQuieres conocer un universo natural en el que vivir experiencias \u00fanicas? Una cultura y un patrimonio cautivador; un paisaje seductor; rutas y turismo activo para todos los gustos\u2026","potentialAction":[{"@type":"SearchAction","target":{"@type":"EntryPoint","urlTemplate":"https:\/\/beta.turismourdaibai.com\/es\/?s={search_term_string}"},"query-input":"required name=search_term_string"}],"inLanguage":"es"}]}},"_links":{"self":[{"href":"https:\/\/beta.turismourdaibai.com\/es\/wp-json\/wp\/v2\/pages\/3687"}],"collection":[{"href":"https:\/\/beta.turismourdaibai.com\/es\/wp-json\/wp\/v2\/pages"}],"about":[{"href":"https:\/\/beta.turismourdaibai.com\/es\/wp-json\/wp\/v2\/types\/page"}],"author":[{"embeddable":true,"href":"https:\/\/beta.turismourdaibai.com\/es\/wp-json\/wp\/v2\/users\/1"}],"replies":[{"embeddable":true,"href":"https:\/\/beta.turismourdaibai.com\/es\/wp-json\/wp\/v2\/comments?post=3687"}],"version-history":[{"count":14,"href":"https:\/\/beta.turismourdaibai.com\/es\/wp-json\/wp\/v2\/pages\/3687\/revisions"}],"predecessor-version":[{"id":11913,"href":"https:\/\/beta.turismourdaibai.com\/es\/wp-json\/wp\/v2\/pages\/3687\/revisions\/11913"}],"wp:attachment":[{"href":"https:\/\/beta.turismourdaibai.com\/es\/wp-json\/wp\/v2\/media?parent=3687"}],"curies":[{"name":"wp","href":"https:\/\/api.w.org\/{rel}","templated":true}]}}