{"id":4617,"date":"2018-11-06T12:38:31","date_gmt":"2018-11-06T12:38:31","guid":{"rendered":"http:\/\/turismourdaibai.com\/?page_id=4617"},"modified":"2019-07-08T07:13:45","modified_gmt":"2019-07-08T07:13:45","slug":"camino-de-santiago","status":"publish","type":"page","link":"https:\/\/beta.turismourdaibai.com\/es\/camino-de-santiago\/","title":{"rendered":"Camino de santiago"},"content":{"rendered":"<div id='full_slider_1'  class='avia-fullwidth-slider main_color avia-shadow   avia-builder-el-0  el_before_av_section  avia-builder-el-first   container_wrap fullsize'  >\n<style type=\"text\/css\" data-created_by=\"avia_inline_auto\" id=\"style-css-av-av_slideshow_full-2b62c851d30512132212bd5a87de0d38\">\n#top #wrap_all .avia-slideshow .av-slideshow-caption.av-av_slideshow_full-2b62c851d30512132212bd5a87de0d38__0 .avia-caption-title{\nfont-size:100px;\n}\n<\/style>\n<div  class='avia-slideshow av-av_slideshow_full-2b62c851d30512132212bd5a87de0d38 avia-slideshow-featured av_slideshow_full avia-fade-slider av-slideshow-ui av-control-default av-slideshow-manual av-loop-once av-loop-manual-endless av-default-height-applied   avia-slideshow-1' data-slideshow-options=\"{&quot;animation&quot;:&quot;fade&quot;,&quot;autoplay&quot;:false,&quot;loop_autoplay&quot;:&quot;once&quot;,&quot;interval&quot;:5,&quot;loop_manual&quot;:&quot;manual-endless&quot;,&quot;autoplay_stopper&quot;:false,&quot;noNavigation&quot;:false,&quot;bg_slider&quot;:false,&quot;keep_padding&quot;:false,&quot;hoverpause&quot;:false,&quot;show_slide_delay&quot;:0}\"  itemprop=\"image\" itemscope=\"itemscope\" itemtype=\"https:\/\/schema.org\/ImageObject\" ><ul class='avia-slideshow-inner ' style='padding-bottom: 28.666666666667%;'><li  class='avia-slideshow-slide av-av_slideshow_full-2b62c851d30512132212bd5a87de0d38__0  av-single-slide slide-1 slide-odd'><div data-rel='slideshow-1' class='avia-slide-wrap '   ><img class=\"wp-image-5732 avia-img-lazy-loading-not-5732\"  src='https:\/\/beta.turismourdaibai.com\/wp-content\/uploads\/2019\/02\/cabecera-camino-de-santiago.jpg' width='1500' height='430' title='camino de santiago' alt='camino de santiago'  itemprop=\"thumbnailUrl\"   \/><\/div><\/li><\/ul><\/div><\/div>\n<div id='av_section_1'  class='avia-section av-av_section-30041de77c356f3f194a232a6562c09f main_color avia-section-default avia-no-shadow  avia-builder-el-1  el_after_av_slideshow_full  el_before_av_hr  avia-bg-style-scroll container_wrap fullsize'  ><div class='container av-section-cont-open' ><div class='template-page content  av-content-full alpha units'><div class='post-entry post-entry-type-page post-entry-4617'><div class='entry-content-wrapper clearfix'>\n\n<style type=\"text\/css\" data-created_by=\"avia_inline_auto\" id=\"style-css-av-av_heading-ee3d12b53c606b4275a1235f405a44e3\">\n#top .av-special-heading.av-av_heading-ee3d12b53c606b4275a1235f405a44e3{\npadding-bottom:10px;\ncolor:#008bb2;\nfont-size:40px;\n}\nbody .av-special-heading.av-av_heading-ee3d12b53c606b4275a1235f405a44e3 .av-special-heading-tag .heading-char{\nfont-size:25px;\n}\n#top #wrap_all .av-special-heading.av-av_heading-ee3d12b53c606b4275a1235f405a44e3 .av-special-heading-tag{\nfont-size:40px;\n}\n.av-special-heading.av-av_heading-ee3d12b53c606b4275a1235f405a44e3 .special-heading-inner-border{\nborder-color:#008bb2;\n}\n.av-special-heading.av-av_heading-ee3d12b53c606b4275a1235f405a44e3 .av-subheading{\nfont-size:15px;\n}\n\n@media only screen and (min-width: 480px) and (max-width: 767px){ \n#top #wrap_all .av-special-heading.av-av_heading-ee3d12b53c606b4275a1235f405a44e3 .av-special-heading-tag{\nfont-size:0.8em;\n}\n}\n\n@media only screen and (max-width: 479px){ \n#top #wrap_all .av-special-heading.av-av_heading-ee3d12b53c606b4275a1235f405a44e3 .av-special-heading-tag{\nfont-size:0.8em;\n}\n}\n<\/style>\n<div  class='av-special-heading av-av_heading-ee3d12b53c606b4275a1235f405a44e3 av-special-heading-h1 custom-color-heading blockquote modern-quote  avia-builder-el-2  el_before_av_three_fifth  avia-builder-el-first  av-inherit-size'><h1 class='av-special-heading-tag'  itemprop=\"headline\"  >CAMINO DE SANTIAGO<\/h1><div class=\"special-heading-border\"><div class=\"special-heading-inner-border\"><\/div><\/div><\/div>\n\n<style type=\"text\/css\" data-created_by=\"avia_inline_auto\" id=\"style-css-av-av_three_fifth-c72bd9217f6488b3cf963cfdbf634edf\">\n.flex_column.av-av_three_fifth-c72bd9217f6488b3cf963cfdbf634edf{\nborder-radius:0px 0px 0px 0px;\npadding:0px 0px 0px 0px;\n}\n<\/style>\n<div  class='flex_column av-av_three_fifth-c72bd9217f6488b3cf963cfdbf634edf av_three_fifth  avia-builder-el-3  el_after_av_heading  el_before_av_two_fifth  arrola first flex_column_div av-zero-column-padding  '     ><section  class='av_textblock_section av-av_textblock-2bd894dbf2e4bf2c4acf98ce4fbf94aa '   itemscope=\"itemscope\" itemtype=\"https:\/\/schema.org\/CreativeWork\" ><div class='avia_textblock'  itemprop=\"text\" ><p>Por Urdaibai discurre el Camino de Santiago de la Costa, una de las m\u00e1s primitivas rutas de peregrinaci\u00f3n a Compostela, anterior incluso a otras m\u00e1s conocidas. La ruta completa es entre Ir\u00fan y Santiago de Compostela, y su paso por Urdaibai, entre parajes de gran valor natural y elementos patrimoniales de inter\u00e9s vinculados al camino, atraviesa los siguientes municipios: <a href=\"https:\/\/beta.turismourdaibai.com\/es\/mendata\/\"><span style=\"color: #008bb2;\">Mendata<\/span><\/a>,<a href=\"https:\/\/beta.turismourdaibai.com\/es\/arratzu\/\"> <span style=\"color: #008bb2;\">Arratzu<\/span><\/a>,<a href=\"https:\/\/beta.turismourdaibai.com\/es\/ajangiz\/\"> <span style=\"color: #008bb2;\">Ajangiz<\/span><\/a>,<a href=\"https:\/\/beta.turismourdaibai.com\/es\/gernika-lumo\/\"><span style=\"color: #008bb2;\"> Gernika-Lumo<\/span><\/a> y <a href=\"https:\/\/beta.turismourdaibai.com\/es\/morga\/\"><span style=\"color: #008bb2;\">Morga<\/span><\/a>.<\/p>\n<p>Las etapas del Camino vienen marcadas de la siguiente manera: De Markina-Xemein a Gernika-Lumo (24,8km); y de Gernika-Lumo a Lezama (21,8km).<\/p>\n<p>Un recorrido en el que emergen ermitas, robledales milenarios, hermosos <a href=\"https:\/\/beta.turismourdaibai.com\/es\/arratzu\/#artxubi\"><span style=\"color: #008bb2;\">puentes medievales<\/span><\/a>, paisajes de verde intenso, hist\u00f3ricas y <a href=\"https:\/\/beta.turismourdaibai.com\/es\/arratzu\/#santomas\"><span style=\"color: #008bb2;\">monumentales iglesias<\/span><\/a>, <a href=\"https:\/\/beta.turismourdaibai.com\/es\/gernika-lumo\/\"><span style=\"color: #008bb2;\">pueblos emblem\u00e1ticos<\/span><\/a>\u00a0de enorme peso hist\u00f3rico y <a href=\"https:\/\/beta.turismourdaibai.com\/es\/morga\/\"><span style=\"color: #008bb2;\">paisajes monta\u00f1osos<\/span><\/a>\u00a0salpicados de caser\u00edos<\/p>\n<\/div><\/section><\/div>\n<style type=\"text\/css\" data-created_by=\"avia_inline_auto\" id=\"style-css-av-av_two_fifth-c8fc129dc35fd1ae2a1e410224d39ea8\">\n.flex_column.av-av_two_fifth-c8fc129dc35fd1ae2a1e410224d39ea8{\nborder-radius:0px 0px 0px 0px;\npadding:0px 0px 0px 0px;\n}\n<\/style>\n<div  class='flex_column av-av_two_fifth-c8fc129dc35fd1ae2a1e410224d39ea8 av_two_fifth  avia-builder-el-5  el_after_av_three_fifth  avia-builder-el-last  flex_column_div av-zero-column-padding  '     ><style type=\"text\/css\" data-created_by=\"avia_inline_auto\" id=\"style-css-av-av_image-2649b2f430c0841ee4d466031fea554b\">\n.avia-image-container.av-av_image-2649b2f430c0841ee4d466031fea554b img.avia_image{\nbox-shadow:none;\n}\n.avia-image-container.av-av_image-2649b2f430c0841ee4d466031fea554b .av-image-caption-overlay-center{\ncolor:#ffffff;\n}\n<\/style>\n<div  class='avia-image-container av-av_image-2649b2f430c0841ee4d466031fea554b av-styling- avia-align-center  avia-builder-el-6  avia-builder-el-no-sibling '   itemprop=\"image\" itemscope=\"itemscope\" itemtype=\"https:\/\/schema.org\/ImageObject\" ><div class=\"avia-image-container-inner\"><div class=\"avia-image-overlay-wrap\"><img class='wp-image-5738 avia-img-lazy-loading-not-5738 avia_image ' src='https:\/\/beta.turismourdaibai.com\/wp-content\/uploads\/2019\/02\/peregrinos.jpg' alt='peregrinos' title='peregrinos'  height=\"400\" width=\"495\"  itemprop=\"thumbnailUrl\"  \/><\/div><\/div><\/div><\/div><\/div><\/div><\/div><!-- close content main div --><\/div><\/div><div id='after_section_1'  class='main_color av_default_container_wrap container_wrap fullsize'  ><div class='container av-section-cont-open' ><div class='template-page content  av-content-full alpha units'><div class='post-entry post-entry-type-page post-entry-4617'><div class='entry-content-wrapper clearfix'>\n<style type=\"text\/css\" data-created_by=\"avia_inline_auto\" id=\"style-css-av-av_hr-52b99614f1db0890c6e11e182627758b\">\n#top .hr.hr-invisible.av-av_hr-52b99614f1db0890c6e11e182627758b{\nheight:20px;\n}\n<\/style>\n<div  class='hr av-av_hr-52b99614f1db0890c6e11e182627758b hr-invisible  avia-builder-el-7  el_after_av_section  el_before_av_section  avia-builder-el-no-sibling '><span class='hr-inner '><span class=\"hr-inner-style\"><\/span><\/span><\/div><\/p>\n<\/div><\/div><\/div><!-- close content main div --><\/div><\/div>\n<style type=\"text\/css\" data-created_by=\"avia_inline_auto\" id=\"style-css-av-av_section-880ba1900f9e3f5bcca1be5621487f91\">\n.avia-section.av-av_section-880ba1900f9e3f5bcca1be5621487f91 .av-section-color-overlay{\nopacity:0.5;\nbackground-color:#008bb2;\nbackground-image:url(https:\/\/beta.turismourdaibai.com\/wp-content\/themes\/enfold\/images\/background-images\/dots-mini-light.png);\nbackground-repeat:repeat;\n}\n<\/style>\n<div id='av_section_2'  class='avia-section av-av_section-880ba1900f9e3f5bcca1be5621487f91 main_color avia-section-default avia-no-shadow  avia-builder-el-8  el_after_av_hr  avia-builder-el-last  avia-bg-style-scroll av-section-color-overlay-active container_wrap fullsize'  ><div class=\"av-section-color-overlay-wrap\"><div class=\"av-section-color-overlay\"><\/div><div class='container av-section-cont-open' ><div class='template-page content  av-content-full alpha units'><div class='post-entry post-entry-type-page post-entry-4617'><div class='entry-content-wrapper clearfix'>\n\n<style type=\"text\/css\" data-created_by=\"avia_inline_auto\" id=\"style-css-av-av_heading-71dfcfdca865430ce7955174b95d29a3\">\n#top .av-special-heading.av-av_heading-71dfcfdca865430ce7955174b95d29a3{\npadding-bottom:10px;\ncolor:#ffffff;\nfont-size:45px;\n}\nbody .av-special-heading.av-av_heading-71dfcfdca865430ce7955174b95d29a3 .av-special-heading-tag .heading-char{\nfont-size:25px;\n}\n#top #wrap_all .av-special-heading.av-av_heading-71dfcfdca865430ce7955174b95d29a3 .av-special-heading-tag{\nfont-size:45px;\n}\n.av-special-heading.av-av_heading-71dfcfdca865430ce7955174b95d29a3 .special-heading-inner-border{\nborder-color:#ffffff;\n}\n.av-special-heading.av-av_heading-71dfcfdca865430ce7955174b95d29a3 .av-subheading{\nfont-size:15px;\n}\n\n@media only screen and (min-width: 480px) and (max-width: 767px){ \n#top #wrap_all .av-special-heading.av-av_heading-71dfcfdca865430ce7955174b95d29a3 .av-special-heading-tag{\nfont-size:0.8em;\n}\n}\n\n@media only screen and (max-width: 479px){ \n#top #wrap_all .av-special-heading.av-av_heading-71dfcfdca865430ce7955174b95d29a3 .av-special-heading-tag{\nfont-size:0.8em;\n}\n}\n<\/style>\n<div  class='av-special-heading av-av_heading-71dfcfdca865430ce7955174b95d29a3 av-special-heading-h3 custom-color-heading blockquote modern-quote modern-centered  avia-builder-el-9  el_before_av_one_fourth  avia-builder-el-first  av-inherit-size'><h3 class='av-special-heading-tag'  itemprop=\"headline\"  >Y ADEM\u00c1S&#8230;<\/h3><div class=\"special-heading-border\"><div class=\"special-heading-inner-border\"><\/div><\/div><\/div>\n<div class='flex_column_table av-av_one_fourth-2fc79049abc47880ea38b5f0805afa77 sc-av_one_fourth av-equal-height-column-flextable'>\n<style type=\"text\/css\" data-created_by=\"avia_inline_auto\" id=\"style-css-av-av_one_fourth-2fc79049abc47880ea38b5f0805afa77\">\n.flex_column.av-av_one_fourth-2fc79049abc47880ea38b5f0805afa77{\nborder-radius:0px 0px 0px 0px;\npadding:0px 0px 0px 0px;\n}\n<\/style>\n<div  class='flex_column av-av_one_fourth-2fc79049abc47880ea38b5f0805afa77 av_one_fourth  avia-builder-el-10  el_after_av_heading  el_before_av_one_fourth  first flex_column_table_cell av-equal-height-column av-align-middle av-animated-generic av-rotateIn av-zero-column-padding  '     ><div  class='avia-button-wrap av-av_button-8c071b95bdf4568584cfbcd76981bebd-wrap avia-button-center  avia-builder-el-11  avia-builder-el-no-sibling '>\n<style type=\"text\/css\" data-created_by=\"avia_inline_auto\" id=\"style-css-av-av_button-8c071b95bdf4568584cfbcd76981bebd\">\n#top #wrap_all .avia-button.av-av_button-8c071b95bdf4568584cfbcd76981bebd{\nbackground-color:#008bb2;\nborder-color:#008bb2;\ncolor:#ffffff;\ntransition:all 0.4s ease-in-out;\n}\n<\/style>\n<a href='https:\/\/beta.turismourdaibai.com\/es\/los-pueblos-de-urdaibai\/'  class='avia-button av-av_button-8c071b95bdf4568584cfbcd76981bebd avia-icon_select-no avia-size-x-large avia-position-center'  ><span class='avia_iconbox_title' >LOS PUEBLOS<\/span><\/a><\/div><\/div><div class='av-flex-placeholder'><\/div>\n<style type=\"text\/css\" data-created_by=\"avia_inline_auto\" id=\"style-css-av-av_one_fourth-287d585e9cc13345f58fcf711e9e7cf3\">\n.flex_column.av-av_one_fourth-287d585e9cc13345f58fcf711e9e7cf3{\nborder-radius:0px 0px 0px 0px;\npadding:0px 0px 0px 0px;\n}\n<\/style>\n<div  class='flex_column av-av_one_fourth-287d585e9cc13345f58fcf711e9e7cf3 av_one_fourth  avia-builder-el-12  el_after_av_one_fourth  el_before_av_one_fourth  flex_column_table_cell av-equal-height-column av-align-middle av-animated-generic av-rotateIn av-zero-column-padding  '     ><div  class='avia-button-wrap av-av_button-49d03e0644d64d56cf15e9e8664667ae-wrap avia-button-center  avia-builder-el-13  avia-builder-el-no-sibling '>\n<style type=\"text\/css\" data-created_by=\"avia_inline_auto\" id=\"style-css-av-av_button-49d03e0644d64d56cf15e9e8664667ae\">\n#top #wrap_all .avia-button.av-av_button-49d03e0644d64d56cf15e9e8664667ae{\nbackground-color:#008bb2;\nborder-color:#008bb2;\ncolor:#ffffff;\ntransition:all 0.4s ease-in-out;\n}\n<\/style>\n<a href='\/alojamientos\/'  class='avia-button av-av_button-49d03e0644d64d56cf15e9e8664667ae avia-icon_select-no avia-size-x-large avia-position-center'  ><span class='avia_iconbox_title' >DONDE DORMIR<\/span><\/a><\/div><\/div><div class='av-flex-placeholder'><\/div>\n<style type=\"text\/css\" data-created_by=\"avia_inline_auto\" id=\"style-css-av-av_one_fourth-287d585e9cc13345f58fcf711e9e7cf3\">\n.flex_column.av-av_one_fourth-287d585e9cc13345f58fcf711e9e7cf3{\nborder-radius:0px 0px 0px 0px;\npadding:0px 0px 0px 0px;\n}\n<\/style>\n<div  class='flex_column av-av_one_fourth-287d585e9cc13345f58fcf711e9e7cf3 av_one_fourth  avia-builder-el-14  el_after_av_one_fourth  el_before_av_one_fourth  flex_column_table_cell av-equal-height-column av-align-middle av-animated-generic av-rotateIn av-zero-column-padding  '     ><div  class='avia-button-wrap av-av_button-05c790bdd0200ac03cd9ed3d0fd89d10-wrap avia-button-center  avia-builder-el-15  avia-builder-el-no-sibling '>\n<style type=\"text\/css\" data-created_by=\"avia_inline_auto\" id=\"style-css-av-av_button-05c790bdd0200ac03cd9ed3d0fd89d10\">\n#top #wrap_all .avia-button.av-av_button-05c790bdd0200ac03cd9ed3d0fd89d10{\nbackground-color:#008bb2;\nborder-color:#008bb2;\ncolor:#ffffff;\ntransition:all 0.4s ease-in-out;\n}\n<\/style>\n<a href='\/actividades\/'  class='avia-button av-av_button-05c790bdd0200ac03cd9ed3d0fd89d10 avia-icon_select-no avia-size-x-large avia-position-center'  ><span class='avia_iconbox_title' >ACTIVIDADES<\/span><\/a><\/div><\/div><div class='av-flex-placeholder'><\/div>\n<style type=\"text\/css\" data-created_by=\"avia_inline_auto\" id=\"style-css-av-av_one_fourth-287d585e9cc13345f58fcf711e9e7cf3\">\n.flex_column.av-av_one_fourth-287d585e9cc13345f58fcf711e9e7cf3{\nborder-radius:0px 0px 0px 0px;\npadding:0px 0px 0px 0px;\n}\n<\/style>\n<div  class='flex_column av-av_one_fourth-287d585e9cc13345f58fcf711e9e7cf3 av_one_fourth  avia-builder-el-16  el_after_av_one_fourth  avia-builder-el-last  flex_column_table_cell av-equal-height-column av-align-middle av-animated-generic av-rotateIn av-zero-column-padding  '     ><div  class='avia-button-wrap av-av_button-6d83f4e521a8a01ed25fa85fc2c71887-wrap avia-button-center  avia-builder-el-17  avia-builder-el-no-sibling '>\n<style type=\"text\/css\" data-created_by=\"avia_inline_auto\" id=\"style-css-av-av_button-6d83f4e521a8a01ed25fa85fc2c71887\">\n#top #wrap_all .avia-button.av-av_button-6d83f4e521a8a01ed25fa85fc2c71887{\nbackground-color:#008bb2;\nborder-color:#008bb2;\ncolor:#ffffff;\ntransition:all 0.4s ease-in-out;\n}\n<\/style>\n<a href='\/bodegas-de-txakoli\/'  class='avia-button av-av_button-6d83f4e521a8a01ed25fa85fc2c71887 avia-icon_select-no avia-size-x-large avia-position-center'  ><span class='avia_iconbox_title' >BODEGAS <\/span><\/a><\/div><\/div><\/div><!--close column table wrapper. Autoclose: 1 -->\n\n","protected":false},"excerpt":{"rendered":"","protected":false},"author":1,"featured_media":0,"parent":0,"menu_order":0,"comment_status":"closed","ping_status":"closed","template":"","meta":{"_mi_skip_tracking":false,"_exactmetrics_sitenote_active":false,"_exactmetrics_sitenote_note":"","_exactmetrics_sitenote_category":0},"yoast_head":"<!-- This site is optimized with the Yoast SEO plugin v20.10 - https:\/\/yoast.com\/wordpress\/plugins\/seo\/ -->\n<title>Camino de santiago - Turismo Urdaibai \/ Web oficial<\/title>\n<meta name=\"description\" content=\"Por Urdaibai discurre el Camino de Santiago de la Costa, una de las m\u00e1s primitivas rutas de peregrinaci\u00f3n a Compostela, anterior incluso a otras m\u00e1s conocidas.\" \/>\n<meta name=\"robots\" content=\"index, follow, max-snippet:-1, max-image-preview:large, max-video-preview:-1\" \/>\n<link rel=\"canonical\" href=\"https:\/\/beta.turismourdaibai.com\/es\/camino-de-santiago\/\" \/>\n<meta property=\"og:locale\" content=\"es_ES\" \/>\n<meta property=\"og:type\" content=\"article\" \/>\n<meta property=\"og:title\" content=\"Camino de santiago - Turismo Urdaibai \/ Web oficial\" \/>\n<meta property=\"og:description\" content=\"Por Urdaibai discurre el Camino de Santiago de la Costa, una de las m\u00e1s primitivas rutas de peregrinaci\u00f3n a Compostela, anterior incluso a otras m\u00e1s conocidas.\" \/>\n<meta property=\"og:url\" content=\"https:\/\/beta.turismourdaibai.com\/es\/camino-de-santiago\/\" \/>\n<meta property=\"og:site_name\" content=\"Turismo Urdaibai \/ Web oficial\" \/>\n<meta property=\"article:publisher\" content=\"https:\/\/es-es.facebook.com\/Turismourdaibai\/\" \/>\n<meta property=\"article:modified_time\" content=\"2019-07-08T07:13:45+00:00\" \/>\n<meta name=\"twitter:card\" content=\"summary_large_image\" \/>\n<meta name=\"twitter:site\" content=\"@turismourdaibai\" \/>\n<meta name=\"twitter:label1\" content=\"Tiempo de lectura\" \/>\n\t<meta name=\"twitter:data1\" content=\"6 minutos\" \/>\n<script type=\"application\/ld+json\" class=\"yoast-schema-graph\">{\"@context\":\"https:\/\/schema.org\",\"@graph\":[{\"@type\":\"WebPage\",\"@id\":\"https:\/\/beta.turismourdaibai.com\/es\/camino-de-santiago\/\",\"url\":\"https:\/\/beta.turismourdaibai.com\/es\/camino-de-santiago\/\",\"name\":\"Camino de santiago - Turismo Urdaibai \/ Web oficial\",\"isPartOf\":{\"@id\":\"https:\/\/beta.turismourdaibai.com\/es\/#website\"},\"datePublished\":\"2018-11-06T12:38:31+00:00\",\"dateModified\":\"2019-07-08T07:13:45+00:00\",\"description\":\"Por Urdaibai discurre el Camino de Santiago de la Costa, una de las m\u00e1s primitivas rutas de peregrinaci\u00f3n a Compostela, anterior incluso a otras m\u00e1s conocidas.\",\"breadcrumb\":{\"@id\":\"https:\/\/beta.turismourdaibai.com\/es\/camino-de-santiago\/#breadcrumb\"},\"inLanguage\":\"es\",\"potentialAction\":[{\"@type\":\"ReadAction\",\"target\":[\"https:\/\/beta.turismourdaibai.com\/es\/camino-de-santiago\/\"]}]},{\"@type\":\"BreadcrumbList\",\"@id\":\"https:\/\/beta.turismourdaibai.com\/es\/camino-de-santiago\/#breadcrumb\",\"itemListElement\":[{\"@type\":\"ListItem\",\"position\":1,\"name\":\"Portada\",\"item\":\"https:\/\/beta.turismourdaibai.com\/es\/\"},{\"@type\":\"ListItem\",\"position\":2,\"name\":\"Camino de santiago\"}]},{\"@type\":\"WebSite\",\"@id\":\"https:\/\/beta.turismourdaibai.com\/es\/#website\",\"url\":\"https:\/\/beta.turismourdaibai.com\/es\/\",\"name\":\"Turismo Urdaibai \/ Web oficial\",\"description\":\"\u00bfQuieres conocer un universo natural en el que vivir experiencias \u00fanicas? Una cultura y un patrimonio cautivador; un paisaje seductor; rutas y turismo activo para todos los gustos\u2026\",\"potentialAction\":[{\"@type\":\"SearchAction\",\"target\":{\"@type\":\"EntryPoint\",\"urlTemplate\":\"https:\/\/beta.turismourdaibai.com\/es\/?s={search_term_string}\"},\"query-input\":\"required name=search_term_string\"}],\"inLanguage\":\"es\"}]}<\/script>\n<!-- \/ Yoast SEO plugin. -->","yoast_head_json":{"title":"Camino de santiago - Turismo Urdaibai \/ Web oficial","description":"Por Urdaibai discurre el Camino de Santiago de la Costa, una de las m\u00e1s primitivas rutas de peregrinaci\u00f3n a Compostela, anterior incluso a otras m\u00e1s conocidas.","robots":{"index":"index","follow":"follow","max-snippet":"max-snippet:-1","max-image-preview":"max-image-preview:large","max-video-preview":"max-video-preview:-1"},"canonical":"https:\/\/beta.turismourdaibai.com\/es\/camino-de-santiago\/","og_locale":"es_ES","og_type":"article","og_title":"Camino de santiago - Turismo Urdaibai \/ Web oficial","og_description":"Por Urdaibai discurre el Camino de Santiago de la Costa, una de las m\u00e1s primitivas rutas de peregrinaci\u00f3n a Compostela, anterior incluso a otras m\u00e1s conocidas.","og_url":"https:\/\/beta.turismourdaibai.com\/es\/camino-de-santiago\/","og_site_name":"Turismo Urdaibai \/ Web oficial","article_publisher":"https:\/\/es-es.facebook.com\/Turismourdaibai\/","article_modified_time":"2019-07-08T07:13:45+00:00","twitter_card":"summary_large_image","twitter_site":"@turismourdaibai","twitter_misc":{"Tiempo de lectura":"6 minutos"},"schema":{"@context":"https:\/\/schema.org","@graph":[{"@type":"WebPage","@id":"https:\/\/beta.turismourdaibai.com\/es\/camino-de-santiago\/","url":"https:\/\/beta.turismourdaibai.com\/es\/camino-de-santiago\/","name":"Camino de santiago - Turismo Urdaibai \/ Web oficial","isPartOf":{"@id":"https:\/\/beta.turismourdaibai.com\/es\/#website"},"datePublished":"2018-11-06T12:38:31+00:00","dateModified":"2019-07-08T07:13:45+00:00","description":"Por Urdaibai discurre el Camino de Santiago de la Costa, una de las m\u00e1s primitivas rutas de peregrinaci\u00f3n a Compostela, anterior incluso a otras m\u00e1s conocidas.","breadcrumb":{"@id":"https:\/\/beta.turismourdaibai.com\/es\/camino-de-santiago\/#breadcrumb"},"inLanguage":"es","potentialAction":[{"@type":"ReadAction","target":["https:\/\/beta.turismourdaibai.com\/es\/camino-de-santiago\/"]}]},{"@type":"BreadcrumbList","@id":"https:\/\/beta.turismourdaibai.com\/es\/camino-de-santiago\/#breadcrumb","itemListElement":[{"@type":"ListItem","position":1,"name":"Portada","item":"https:\/\/beta.turismourdaibai.com\/es\/"},{"@type":"ListItem","position":2,"name":"Camino de santiago"}]},{"@type":"WebSite","@id":"https:\/\/beta.turismourdaibai.com\/es\/#website","url":"https:\/\/beta.turismourdaibai.com\/es\/","name":"Turismo Urdaibai \/ Web oficial","description":"\u00bfQuieres conocer un universo natural en el que vivir experiencias \u00fanicas? Una cultura y un patrimonio cautivador; un paisaje seductor; rutas y turismo activo para todos los gustos\u2026","potentialAction":[{"@type":"SearchAction","target":{"@type":"EntryPoint","urlTemplate":"https:\/\/beta.turismourdaibai.com\/es\/?s={search_term_string}"},"query-input":"required name=search_term_string"}],"inLanguage":"es"}]}},"_links":{"self":[{"href":"https:\/\/beta.turismourdaibai.com\/es\/wp-json\/wp\/v2\/pages\/4617"}],"collection":[{"href":"https:\/\/beta.turismourdaibai.com\/es\/wp-json\/wp\/v2\/pages"}],"about":[{"href":"https:\/\/beta.turismourdaibai.com\/es\/wp-json\/wp\/v2\/types\/page"}],"author":[{"embeddable":true,"href":"https:\/\/beta.turismourdaibai.com\/es\/wp-json\/wp\/v2\/users\/1"}],"replies":[{"embeddable":true,"href":"https:\/\/beta.turismourdaibai.com\/es\/wp-json\/wp\/v2\/comments?post=4617"}],"version-history":[{"count":10,"href":"https:\/\/beta.turismourdaibai.com\/es\/wp-json\/wp\/v2\/pages\/4617\/revisions"}],"predecessor-version":[{"id":11867,"href":"https:\/\/beta.turismourdaibai.com\/es\/wp-json\/wp\/v2\/pages\/4617\/revisions\/11867"}],"wp:attachment":[{"href":"https:\/\/beta.turismourdaibai.com\/es\/wp-json\/wp\/v2\/media?parent=4617"}],"curies":[{"name":"wp","href":"https:\/\/api.w.org\/{rel}","templated":true}]}}