{"id":17505,"date":"2022-02-03T11:47:59","date_gmt":"2022-02-03T11:47:59","guid":{"rendered":"https:\/\/turismourdaibai.com\/?page_id=17505"},"modified":"2022-03-18T08:38:10","modified_gmt":"2022-03-18T08:38:10","slug":"charte-europeenne-du-tourisme-durable","status":"publish","type":"page","link":"https:\/\/beta.turismourdaibai.com\/fr\/charte-europeenne-du-tourisme-durable\/","title":{"rendered":"Charte Europ\u00e9enne du Tourisme Durable"},"content":{"rendered":"<div id='full_slider_1'  class='avia-fullwidth-slider main_color avia-shadow   avia-builder-el-0  el_before_av_heading  avia-builder-el-first   container_wrap fullsize'  ><div  class='avia-slideshow av-av_slideshow_full-466bf94e3f8ee361391ff0a496b42791 avia-slideshow-featured av_slideshow_full avia-slide-slider av-slideshow-ui av-control-default av-slideshow-manual av-loop-once av-loop-manual-endless av-default-height-applied   avia-slideshow-1' data-slideshow-options=\"{&quot;animation&quot;:&quot;slide&quot;,&quot;autoplay&quot;:false,&quot;loop_autoplay&quot;:&quot;once&quot;,&quot;interval&quot;:5,&quot;loop_manual&quot;:&quot;manual-endless&quot;,&quot;autoplay_stopper&quot;:false,&quot;noNavigation&quot;:false,&quot;bg_slider&quot;:false,&quot;keep_padding&quot;:false,&quot;hoverpause&quot;:false,&quot;show_slide_delay&quot;:0}\"  itemprop=\"image\" itemscope=\"itemscope\" itemtype=\"https:\/\/schema.org\/ImageObject\" ><ul class='avia-slideshow-inner ' style='padding-bottom: 28.666666666667%;'><li  class='avia-slideshow-slide av-av_slideshow_full-466bf94e3f8ee361391ff0a496b42791__0  av-single-slide slide-1 slide-odd'><div data-rel='slideshow-1' class='avia-slide-wrap '   ><img class=\"wp-image-17038 avia-img-lazy-loading-not-17038\"  src='https:\/\/beta.turismourdaibai.com\/wp-content\/uploads\/2021\/12\/cabecera-cets.jpg' width='1500' height='430' title='cabecera cets' alt=''  itemprop=\"thumbnailUrl\"   \/><\/div><\/li><\/ul><\/div><\/div><div id='after_full_slider_1'  class='main_color av_default_container_wrap container_wrap fullsize'  ><div class='container av-section-cont-open' ><div class='template-page content  av-content-full alpha units'><div class='post-entry post-entry-type-page post-entry-17505'><div class='entry-content-wrapper clearfix'>\n\n<style type=\"text\/css\" data-created_by=\"avia_inline_auto\" id=\"style-css-av-av_heading-4671f700c65c81ed385f32d314ebf291\">\n#top .av-special-heading.av-av_heading-4671f700c65c81ed385f32d314ebf291{\npadding-bottom:15px;\ncolor:#008bb2;\nfont-size:45px;\n}\nbody .av-special-heading.av-av_heading-4671f700c65c81ed385f32d314ebf291 .av-special-heading-tag .heading-char{\nfont-size:25px;\n}\n#top #wrap_all .av-special-heading.av-av_heading-4671f700c65c81ed385f32d314ebf291 .av-special-heading-tag{\nfont-size:45px;\n}\n.av-special-heading.av-av_heading-4671f700c65c81ed385f32d314ebf291 .special-heading-inner-border{\nborder-color:#008bb2;\n}\n.av-special-heading.av-av_heading-4671f700c65c81ed385f32d314ebf291 .av-subheading{\nfont-size:15px;\n}\n\n@media only screen and (min-width: 480px) and (max-width: 767px){ \n#top #wrap_all .av-special-heading.av-av_heading-4671f700c65c81ed385f32d314ebf291 .av-special-heading-tag{\nfont-size:0.8em;\n}\n}\n\n@media only screen and (max-width: 479px){ \n#top #wrap_all .av-special-heading.av-av_heading-4671f700c65c81ed385f32d314ebf291 .av-special-heading-tag{\nfont-size:0.8em;\n}\n}\n<\/style>\n<div  class='av-special-heading av-av_heading-4671f700c65c81ed385f32d314ebf291 av-special-heading-h1 custom-color-heading blockquote modern-quote  avia-builder-el-1  el_after_av_slideshow_full  el_before_av_section  avia-builder-el-no-sibling  av-inherit-size'><h1 class='av-special-heading-tag'  itemprop=\"headline\"  >Charte Europ\u00e9enne du Tourisme Durable <\/h1><div class=\"special-heading-border\"><div class=\"special-heading-inner-border\"><\/div><\/div><\/div>\n<\/div><\/div><\/div><!-- close content main div --><\/div><\/div><div id='av_section_1'  class='avia-section av-av_section-2dcda1862a94bb522b437cf4f29dd74d main_color avia-section-default avia-no-shadow  avia-builder-el-2  el_after_av_heading  avia-builder-el-last  avia-bg-style-scroll container_wrap fullsize'  ><div class='container av-section-cont-open' ><div class='template-page content  av-content-full alpha units'><div class='post-entry post-entry-type-page post-entry-17505'><div class='entry-content-wrapper clearfix'>\n\n<style type=\"text\/css\" data-created_by=\"avia_inline_auto\" id=\"style-css-av-av_one_half-15d750bd1b332b34c6e70b077ebbccdf\">\n.flex_column.av-av_one_half-15d750bd1b332b34c6e70b077ebbccdf{\nborder-radius:0px 0px 0px 0px;\npadding:0px 0px 0px 0px;\n}\n<\/style>\n<div  class='flex_column av-av_one_half-15d750bd1b332b34c6e70b077ebbccdf av_one_half  avia-builder-el-3  el_before_av_one_half  avia-builder-el-first  first flex_column_div av-zero-column-padding  '     ><section  class='av_textblock_section av-av_textblock-2bd894dbf2e4bf2c4acf98ce4fbf94aa '   itemscope=\"itemscope\" itemtype=\"https:\/\/schema.org\/CreativeWork\" ><div class='avia_textblock'  itemprop=\"text\" ><p>La Charte Europ\u00e9enne du Tourisme Durable dans les Espaces Naturels Prot\u00e9g\u00e9s (CETS) est une initiative de la F\u00e9d\u00e9ration EUROPARC pour promouvoir le d\u00e9veloppement du tourisme en respectant l\u2019\u00e9cologie des espaces naturels prot\u00e9g\u00e9s en Europe.<\/p>\n<p>Elle propose une m\u00e9thode bas\u00e9e sur l\u2019engagement des diff\u00e9rents participants et leur volont\u00e9 d\u2019appliquer les principes du tourisme durable. C\u2019est aussi une prestigieuse certification internationale qui vient r\u00e9compenser un travail essentiel pour d\u00e9velopper un tourisme responsable et de qualit\u00e9.<\/p>\n<p>C\u2019est une d\u00e9marche qui associe les entreprises, les organisations environnementales et les visiteurs pour cr\u00e9er, ensemble, des exp\u00e9riences de qualit\u00e9, mais avant tout, des exp\u00e9riences enrichissantes pour tous.<\/p>\n<p>Lorsque vous viendrez nous voir, faites en sorte que votre s\u00e9jour en Urdaibai ait un impact positif sur l\u2019environnement, la soci\u00e9t\u00e9, et l\u2019\u00e9conomie dans leur ensemble.<strong><span style=\"color: #000000;\"> Pour \u00eatre s\u00fbr(e) de pratiquer v\u00e9ritablement le tourisme durable.<\/span><\/strong><\/p>\n<\/div><\/section><\/div>\n<style type=\"text\/css\" data-created_by=\"avia_inline_auto\" id=\"style-css-av-av_one_half-c8fc129dc35fd1ae2a1e410224d39ea8\">\n.flex_column.av-av_one_half-c8fc129dc35fd1ae2a1e410224d39ea8{\nborder-radius:0px 0px 0px 0px;\npadding:0px 0px 0px 0px;\n}\n<\/style>\n<div  class='flex_column av-av_one_half-c8fc129dc35fd1ae2a1e410224d39ea8 av_one_half  avia-builder-el-5  el_after_av_one_half  avia-builder-el-last  flex_column_div av-zero-column-padding  '     ><p>\n<style type=\"text\/css\" data-created_by=\"avia_inline_auto\" id=\"style-css-av-av_hr-52b99614f1db0890c6e11e182627758b\">\n#top .hr.hr-invisible.av-av_hr-52b99614f1db0890c6e11e182627758b{\nheight:20px;\n}\n<\/style>\n<div  class='hr av-av_hr-52b99614f1db0890c6e11e182627758b hr-invisible  avia-builder-el-6  el_before_av_image  avia-builder-el-first '><span class='hr-inner '><span class=\"hr-inner-style\"><\/span><\/span><\/div><br \/>\n\n<style type=\"text\/css\" data-created_by=\"avia_inline_auto\" id=\"style-css-av-av_image-665af6156292e31b578d6cd80389cfc7\">\n.avia-image-container.av-av_image-665af6156292e31b578d6cd80389cfc7 img.avia_image{\nbox-shadow:none;\n}\n.avia-image-container.av-av_image-665af6156292e31b578d6cd80389cfc7 .av-image-caption-overlay-center{\ncolor:#ffffff;\n}\n<\/style>\n<div  class='avia-image-container av-av_image-665af6156292e31b578d6cd80389cfc7 av-styling-no-styling avia-align-  avia-builder-el-7  el_after_av_hr  avia-builder-el-last '   itemprop=\"image\" itemscope=\"itemscope\" itemtype=\"https:\/\/schema.org\/ImageObject\" ><div class=\"avia-image-container-inner\"><div class=\"avia-image-overlay-wrap\"><img class='wp-image-17046 avia-img-lazy-loading-not-17046 avia_image ' src='https:\/\/beta.turismourdaibai.com\/wp-content\/uploads\/2021\/12\/1631101932566-1030x1030.jpg' alt='' title='1631101932566'  height=\"1030\" width=\"1030\"  itemprop=\"thumbnailUrl\"  \/><\/div><\/div><\/div><\/p><\/div>\n","protected":false},"excerpt":{"rendered":"","protected":false},"author":2,"featured_media":0,"parent":0,"menu_order":0,"comment_status":"closed","ping_status":"closed","template":"","meta":{"_mi_skip_tracking":false,"_exactmetrics_sitenote_active":false,"_exactmetrics_sitenote_note":"","_exactmetrics_sitenote_category":0},"yoast_head":"<!-- This site is optimized with the Yoast SEO plugin v20.10 - https:\/\/yoast.com\/wordpress\/plugins\/seo\/ -->\n<title>Charte Europ\u00e9enne du Tourisme Durable - Turismo Urdaibai \/ Web oficial<\/title>\n<meta name=\"robots\" content=\"index, follow, max-snippet:-1, max-image-preview:large, max-video-preview:-1\" \/>\n<link rel=\"canonical\" href=\"https:\/\/beta.turismourdaibai.com\/fr\/carta-europea-de-turismo-sostenible\/\" \/>\n<meta property=\"og:locale\" content=\"fr_FR\" \/>\n<meta property=\"og:type\" content=\"article\" \/>\n<meta property=\"og:title\" content=\"Charte Europ\u00e9enne du Tourisme Durable - Turismo Urdaibai \/ Web oficial\" \/>\n<meta property=\"og:url\" content=\"https:\/\/beta.turismourdaibai.com\/es\/carta-europea-de-turismo-sostenible\/\" \/>\n<meta property=\"og:site_name\" content=\"Turismo Urdaibai \/ Web oficial\" \/>\n<meta property=\"article:publisher\" content=\"https:\/\/es-es.facebook.com\/Turismourdaibai\/\" \/>\n<meta property=\"article:modified_time\" content=\"2022-03-18T08:38:10+00:00\" \/>\n<meta name=\"twitter:card\" content=\"summary_large_image\" \/>\n<meta name=\"twitter:site\" content=\"@turismourdaibai\" \/>\n<meta name=\"twitter:label1\" content=\"Dur\u00e9e de lecture estim\u00e9e\" \/>\n\t<meta name=\"twitter:data1\" content=\"3 minutes\" \/>\n<script type=\"application\/ld+json\" class=\"yoast-schema-graph\">{\"@context\":\"https:\/\/schema.org\",\"@graph\":[{\"@type\":\"WebPage\",\"@id\":\"https:\/\/beta.turismourdaibai.com\/es\/carta-europea-de-turismo-sostenible\/\",\"url\":\"https:\/\/beta.turismourdaibai.com\/es\/carta-europea-de-turismo-sostenible\/\",\"name\":\"Charte Europ\u00e9enne du Tourisme Durable - Turismo Urdaibai \/ Web oficial\",\"isPartOf\":{\"@id\":\"https:\/\/beta.turismourdaibai.com\/es\/#website\"},\"datePublished\":\"2022-02-03T11:47:59+00:00\",\"dateModified\":\"2022-03-18T08:38:10+00:00\",\"breadcrumb\":{\"@id\":\"https:\/\/beta.turismourdaibai.com\/es\/carta-europea-de-turismo-sostenible\/#breadcrumb\"},\"inLanguage\":\"fr-FR\",\"potentialAction\":[{\"@type\":\"ReadAction\",\"target\":[\"https:\/\/beta.turismourdaibai.com\/es\/carta-europea-de-turismo-sostenible\/\"]}]},{\"@type\":\"BreadcrumbList\",\"@id\":\"https:\/\/beta.turismourdaibai.com\/es\/carta-europea-de-turismo-sostenible\/#breadcrumb\",\"itemListElement\":[{\"@type\":\"ListItem\",\"position\":1,\"name\":\"Portada\",\"item\":\"https:\/\/beta.turismourdaibai.com\/es\/\"},{\"@type\":\"ListItem\",\"position\":2,\"name\":\"Charte Europ\u00e9enne du Tourisme Durable\"}]},{\"@type\":\"WebSite\",\"@id\":\"https:\/\/beta.turismourdaibai.com\/es\/#website\",\"url\":\"https:\/\/beta.turismourdaibai.com\/es\/\",\"name\":\"Turismo Urdaibai \/ Web oficial\",\"description\":\"\u00bfQuieres conocer un universo natural en el que vivir experiencias \u00fanicas? Una cultura y un patrimonio cautivador; un paisaje seductor; rutas y turismo activo para todos los gustos\u2026\",\"potentialAction\":[{\"@type\":\"SearchAction\",\"target\":{\"@type\":\"EntryPoint\",\"urlTemplate\":\"https:\/\/beta.turismourdaibai.com\/es\/?s={search_term_string}\"},\"query-input\":\"required name=search_term_string\"}],\"inLanguage\":\"fr-FR\"}]}<\/script>\n<!-- \/ Yoast SEO plugin. -->","yoast_head_json":{"title":"Charte Europ\u00e9enne du Tourisme Durable - Turismo Urdaibai \/ Web oficial","robots":{"index":"index","follow":"follow","max-snippet":"max-snippet:-1","max-image-preview":"max-image-preview:large","max-video-preview":"max-video-preview:-1"},"canonical":"https:\/\/beta.turismourdaibai.com\/fr\/carta-europea-de-turismo-sostenible\/","og_locale":"fr_FR","og_type":"article","og_title":"Charte Europ\u00e9enne du Tourisme Durable - Turismo Urdaibai \/ Web oficial","og_url":"https:\/\/beta.turismourdaibai.com\/es\/carta-europea-de-turismo-sostenible\/","og_site_name":"Turismo Urdaibai \/ Web oficial","article_publisher":"https:\/\/es-es.facebook.com\/Turismourdaibai\/","article_modified_time":"2022-03-18T08:38:10+00:00","twitter_card":"summary_large_image","twitter_site":"@turismourdaibai","twitter_misc":{"Dur\u00e9e de lecture estim\u00e9e":"3 minutes"},"schema":{"@context":"https:\/\/schema.org","@graph":[{"@type":"WebPage","@id":"https:\/\/beta.turismourdaibai.com\/es\/carta-europea-de-turismo-sostenible\/","url":"https:\/\/beta.turismourdaibai.com\/es\/carta-europea-de-turismo-sostenible\/","name":"Charte Europ\u00e9enne du Tourisme Durable - Turismo Urdaibai \/ Web oficial","isPartOf":{"@id":"https:\/\/beta.turismourdaibai.com\/es\/#website"},"datePublished":"2022-02-03T11:47:59+00:00","dateModified":"2022-03-18T08:38:10+00:00","breadcrumb":{"@id":"https:\/\/beta.turismourdaibai.com\/es\/carta-europea-de-turismo-sostenible\/#breadcrumb"},"inLanguage":"fr-FR","potentialAction":[{"@type":"ReadAction","target":["https:\/\/beta.turismourdaibai.com\/es\/carta-europea-de-turismo-sostenible\/"]}]},{"@type":"BreadcrumbList","@id":"https:\/\/beta.turismourdaibai.com\/es\/carta-europea-de-turismo-sostenible\/#breadcrumb","itemListElement":[{"@type":"ListItem","position":1,"name":"Portada","item":"https:\/\/beta.turismourdaibai.com\/es\/"},{"@type":"ListItem","position":2,"name":"Charte Europ\u00e9enne du Tourisme Durable"}]},{"@type":"WebSite","@id":"https:\/\/beta.turismourdaibai.com\/es\/#website","url":"https:\/\/beta.turismourdaibai.com\/es\/","name":"Turismo Urdaibai \/ Web oficial","description":"\u00bfQuieres conocer un universo natural en el que vivir experiencias \u00fanicas? Una cultura y un patrimonio cautivador; un paisaje seductor; rutas y turismo activo para todos los gustos\u2026","potentialAction":[{"@type":"SearchAction","target":{"@type":"EntryPoint","urlTemplate":"https:\/\/beta.turismourdaibai.com\/es\/?s={search_term_string}"},"query-input":"required name=search_term_string"}],"inLanguage":"fr-FR"}]}},"_links":{"self":[{"href":"https:\/\/beta.turismourdaibai.com\/fr\/wp-json\/wp\/v2\/pages\/17505"}],"collection":[{"href":"https:\/\/beta.turismourdaibai.com\/fr\/wp-json\/wp\/v2\/pages"}],"about":[{"href":"https:\/\/beta.turismourdaibai.com\/fr\/wp-json\/wp\/v2\/types\/page"}],"author":[{"embeddable":true,"href":"https:\/\/beta.turismourdaibai.com\/fr\/wp-json\/wp\/v2\/users\/2"}],"replies":[{"embeddable":true,"href":"https:\/\/beta.turismourdaibai.com\/fr\/wp-json\/wp\/v2\/comments?post=17505"}],"version-history":[{"count":5,"href":"https:\/\/beta.turismourdaibai.com\/fr\/wp-json\/wp\/v2\/pages\/17505\/revisions"}],"predecessor-version":[{"id":17662,"href":"https:\/\/beta.turismourdaibai.com\/fr\/wp-json\/wp\/v2\/pages\/17505\/revisions\/17662"}],"wp:attachment":[{"href":"https:\/\/beta.turismourdaibai.com\/fr\/wp-json\/wp\/v2\/media?parent=17505"}],"curies":[{"name":"wp","href":"https:\/\/api.w.org\/{rel}","templated":true}]}}