{"id":8726,"date":"2019-04-09T08:42:07","date_gmt":"2019-04-09T08:42:07","guid":{"rendered":"http:\/\/turismourdaibai.com\/logements\/"},"modified":"2019-06-12T11:18:57","modified_gmt":"2019-06-12T11:18:57","slug":"logements","status":"publish","type":"page","link":"https:\/\/beta.turismourdaibai.com\/fr\/logements\/","title":{"rendered":"LOGEMENTS"},"content":{"rendered":"<div id='full_slider_1'  class='avia-fullwidth-slider main_color avia-shadow   avia-builder-el-0  el_before_av_one_full  avia-builder-el-first   container_wrap fullsize'  >\n<style type=\"text\/css\" data-created_by=\"avia_inline_auto\" id=\"style-css-av-av_slideshow_full-931252f08c53700f2105c1d02e17876e\">\n#top #wrap_all .avia-slideshow .av-slideshow-caption.av-av_slideshow_full-931252f08c53700f2105c1d02e17876e__0 .avia-caption-title{\nfont-size:116px;\ncolor:#ffffff;\n}\n#top .avia-slideshow .av-slideshow-caption.av-av_slideshow_full-931252f08c53700f2105c1d02e17876e__0 .avia-caption-content{\ncolor:#ffffff;\n}\n<\/style>\n<div  class='avia-slideshow av-av_slideshow_full-931252f08c53700f2105c1d02e17876e avia-slideshow-featured av_slideshow_full avia-fade-slider av-slideshow-ui av-control-hidden av-no-slider-navigation av-hide-nav-arrows av-slideshow-manual av-loop-once av-loop-manual-endless av-default-height-applied   avia-slideshow-1' data-slideshow-options=\"{&quot;animation&quot;:&quot;fade&quot;,&quot;autoplay&quot;:false,&quot;loop_autoplay&quot;:&quot;once&quot;,&quot;interval&quot;:5,&quot;loop_manual&quot;:&quot;manual-endless&quot;,&quot;autoplay_stopper&quot;:false,&quot;noNavigation&quot;:true,&quot;bg_slider&quot;:false,&quot;keep_padding&quot;:false,&quot;hoverpause&quot;:false,&quot;show_slide_delay&quot;:0}\"  itemprop=\"image\" itemscope=\"itemscope\" itemtype=\"https:\/\/schema.org\/ImageObject\" ><ul class='avia-slideshow-inner ' style='padding-bottom: 28.666666666667%;'><li  class='avia-slideshow-slide av-av_slideshow_full-931252f08c53700f2105c1d02e17876e__0  av-single-slide slide-1 slide-odd'><div data-rel='slideshow-1' class='avia-slide-wrap '   ><img class=\"wp-image-6294 avia-img-lazy-loading-not-6294\"  src='https:\/\/beta.turismourdaibai.com\/wp-content\/uploads\/2018\/04\/EA-ASTEI-1500x430.jpg' width='1500' height='430' title='MAISONS RURALES' alt='MAISONS RURALES'  itemprop=\"thumbnailUrl\"   \/><div class='av-section-color-overlay' style='opacity: 0.1; background-color: #000000; '><\/div><\/div><\/li><\/ul><\/div><\/div><div id='after_full_slider_1'  class='main_color av_default_container_wrap container_wrap fullsize'  ><div class='container av-section-cont-open' ><div class='template-page content  av-content-full alpha units'><div class='post-entry post-entry-type-page post-entry-8726'><div class='entry-content-wrapper clearfix'>\n\n<style type=\"text\/css\" data-created_by=\"avia_inline_auto\" id=\"style-css-av-av_one_full-15d750bd1b332b34c6e70b077ebbccdf\">\n.flex_column.av-av_one_full-15d750bd1b332b34c6e70b077ebbccdf{\nborder-radius:0px 0px 0px 0px;\npadding:0px 0px 0px 0px;\n}\n<\/style>\n<div  class='flex_column av-av_one_full-15d750bd1b332b34c6e70b077ebbccdf av_one_full  avia-builder-el-1  el_after_av_slideshow_full  el_before_av_section  avia-builder-el-no-sibling  first flex_column_div av-zero-column-padding  '     ><p>\n<style type=\"text\/css\" data-created_by=\"avia_inline_auto\" id=\"style-css-av-av_heading-eec7a66cbf675e6c3f06d1b647bcfb38\">\n#top .av-special-heading.av-av_heading-eec7a66cbf675e6c3f06d1b647bcfb38{\npadding-bottom:10px;\ncolor:#008bb2;\nfont-size:45px;\n}\nbody .av-special-heading.av-av_heading-eec7a66cbf675e6c3f06d1b647bcfb38 .av-special-heading-tag .heading-char{\nfont-size:25px;\n}\n#top #wrap_all .av-special-heading.av-av_heading-eec7a66cbf675e6c3f06d1b647bcfb38 .av-special-heading-tag{\nfont-size:45px;\n}\n.av-special-heading.av-av_heading-eec7a66cbf675e6c3f06d1b647bcfb38 .special-heading-inner-border{\nborder-color:#008bb2;\n}\n.av-special-heading.av-av_heading-eec7a66cbf675e6c3f06d1b647bcfb38 .av-subheading{\nfont-size:15px;\n}\n\n@media only screen and (min-width: 480px) and (max-width: 767px){ \n#top #wrap_all .av-special-heading.av-av_heading-eec7a66cbf675e6c3f06d1b647bcfb38 .av-special-heading-tag{\nfont-size:0.8em;\n}\n}\n\n@media only screen and (max-width: 479px){ \n#top #wrap_all .av-special-heading.av-av_heading-eec7a66cbf675e6c3f06d1b647bcfb38 .av-special-heading-tag{\nfont-size:0.8em;\n}\n}\n<\/style>\n<div  class='av-special-heading av-av_heading-eec7a66cbf675e6c3f06d1b647bcfb38 av-special-heading-h3 custom-color-heading blockquote modern-quote  avia-builder-el-2  el_before_av_textblock  avia-builder-el-first  av-inherit-size'><h3 class='av-special-heading-tag'  itemprop=\"headline\"  >LOGEMENTS<\/h3><div class=\"special-heading-border\"><div class=\"special-heading-inner-border\"><\/div><\/div><\/div><br \/>\n\n<style type=\"text\/css\" data-created_by=\"avia_inline_auto\" id=\"style-css-av-av_textblock-4515532572dfdb97d30f3cafe98e5b99\">\n#top .av_textblock_section.av-av_textblock-4515532572dfdb97d30f3cafe98e5b99 .avia_textblock{\ncolor:#008bb2;\n}\n<\/style>\n<section  class='av_textblock_section av-av_textblock-4515532572dfdb97d30f3cafe98e5b99 '   itemscope=\"itemscope\" itemtype=\"https:\/\/schema.org\/CreativeWork\" ><div class='avia_textblock av_inherit_color'  itemprop=\"text\" ><h2 style=\"text-align: left;\"><span style=\"color: #000000;\">Aqu\u00ed encontrar\u00e1s el alojamiento que mejor se adapta a ti.\u00a0<\/span><span style=\"color: #000000;\">Establecimientos hoteleros de calidad y con el encanto de la comarca, que har\u00e1n tu estancia c\u00f3moda y agradable.<\/span><\/h2>\n<\/div><\/section><\/p><\/div>\n<\/div><\/div><\/div><!-- close content main div --><\/div><\/div><div id='av_section_1'  class='avia-section av-av_section-2dcda1862a94bb522b437cf4f29dd74d main_color avia-section-default avia-no-shadow  avia-builder-el-4  el_after_av_one_full  avia-builder-el-last  avia-bg-style-scroll container_wrap fullsize'  ><div class='container av-section-cont-open' ><div class='template-page content  av-content-full alpha units'><div class='post-entry post-entry-type-page post-entry-8726'><div class='entry-content-wrapper clearfix'>\n<div id='av-masonry-1' class='av-masonry av-av_masonry_gallery-e0a5461cec83ed9665587599c33c58bd noHover av-fixed-size av-large-gap av-hover-overlay-active av-masonry-animation-active av-masonry-col-4 av-caption-always av-caption-style-overlay av-masonry-gallery ' data-post_id=\"8726\"><div class=\"av-masonry-container isotope av-js-disabled\"><div class='av-masonry-entry isotope-item av-masonry-item-no-image '><\/div><a href=\"\/fr\/maisons-rurales\/\"  aria-label=\"image MAISONS RURALES\"  id='av-masonry-1-item-6294' data-av-masonry-item='6294' class='av-masonry-entry isotope-item post-6294 attachment type-attachment status-inherit hentry  av-masonry-item-with-image av-grid-img' title=\"MAISONS RURALES\" alt=\"MAISONS RURALES\"  data-av-masonry-custom-link=\"\/fr\/maisons-rurales\/\"  itemprop=\"thumbnailUrl\" ><div class='av-inner-masonry-sizer'><\/div><figure class='av-inner-masonry main_color'><div class=\"av-masonry-outerimage-container\"><div class='av-masonry-image-container' style=\"background-image: url(https:\/\/beta.turismourdaibai.com\/wp-content\/uploads\/2018\/04\/EA-ASTEI-705x436.jpg);\"  title=\"MAISONS RURALES\"   alt=\"MAISONS RURALES\" ><\/div><\/div><figcaption class='av-inner-masonry-content site-background'><div class='av-inner-masonry-content-pos'><div class='av-inner-masonry-content-pos-content'><div class='avia-arrow'><\/div><div class='av-masonry-entry-content entry-content'  itemprop=\"text\" >MAISONS RURALES<\/div><\/div><\/div><\/figcaption><\/figure><\/a><!--end av-masonry entry--><a href=\"\/hoteles-en-urdaibai\/\"  aria-label=\"image Hotel-Katxi\"  id='av-masonry-1-item-7314' data-av-masonry-item='7314' class='av-masonry-entry isotope-item post-7314 attachment type-attachment status-inherit hentry  av-masonry-item-with-image av-landscape-img' title=\"Hotel-Katxi\" alt=\"Hotel-Katxi\"  data-av-masonry-custom-link=\"\/hoteles-en-urdaibai\/\"  itemprop=\"thumbnailUrl\" ><div class='av-inner-masonry-sizer'><\/div><figure class='av-inner-masonry main_color'><div class=\"av-masonry-outerimage-container\"><div class='av-masonry-image-container' style=\"background-image: url(https:\/\/beta.turismourdaibai.com\/wp-content\/uploads\/2018\/12\/Hotel-Katxi-3.jpg);\"  title=\"Hotel-Katxi\"   alt=\"Hotel-Katxi\" ><\/div><\/div><figcaption class='av-inner-masonry-content site-background'><div class='av-inner-masonry-content-pos'><div class='av-inner-masonry-content-pos-content'><div class='avia-arrow'><\/div><div class='av-masonry-entry-content entry-content'  itemprop=\"text\" >HOTELS<\/div><\/div><\/div><\/figcaption><\/figure><\/a><!--end av-masonry entry--><a href=\"\/fr\/agrotourismes\/\"  aria-label=\"image AGROTOURISMES\"  id='av-masonry-1-item-6444' data-av-masonry-item='6444' class='av-masonry-entry isotope-item post-6444 attachment type-attachment status-inherit hentry  av-masonry-item-with-image av-grid-img' title=\"AGROTOURISMES\" alt=\"AGRITOURISM\"  data-av-masonry-custom-link=\"\/fr\/agrotourismes\/\"  itemprop=\"thumbnailUrl\" ><div class='av-inner-masonry-sizer'><\/div><figure class='av-inner-masonry main_color'><div class=\"av-masonry-outerimage-container\"><div class='av-masonry-image-container' style=\"background-image: url(https:\/\/beta.turismourdaibai.com\/wp-content\/uploads\/2018\/06\/16_Agroturismo_Lur-deia.jpg);\"  title=\"AGROTOURISMES\"   alt=\"AGRITOURISM\" ><\/div><\/div><figcaption class='av-inner-masonry-content site-background'><div class='av-inner-masonry-content-pos'><div class='av-inner-masonry-content-pos-content'><div class='avia-arrow'><\/div><div class='av-masonry-entry-content entry-content'  itemprop=\"text\" >AGRITOURISM<\/div><\/div><\/div><\/figcaption><\/figure><\/a><!--end av-masonry entry--><a href=\"\/apartamentos\/\"  aria-label=\"image APARTEMENTS -Mundaka\"  id='av-masonry-1-item-6834' data-av-masonry-item='6834' class='av-masonry-entry isotope-item post-6834 attachment type-attachment status-inherit hentry  av-masonry-item-with-image av-grid-img' title=\"APARTEMENTS -Mundaka\" alt=\"\"  data-av-masonry-custom-link=\"\/apartamentos\/\"  itemprop=\"thumbnailUrl\" ><div class='av-inner-masonry-sizer'><\/div><figure class='av-inner-masonry main_color'><div class=\"av-masonry-outerimage-container\"><div class='av-masonry-image-container' style=\"background-image: url(https:\/\/beta.turismourdaibai.com\/wp-content\/uploads\/2018\/09\/Apartamentos-Mundaka-705x529.jpg);\"  title=\"APARTEMENTS -Mundaka\"  ><\/div><\/div><figcaption class='av-inner-masonry-content site-background'><div class='av-inner-masonry-content-pos'><div class='av-inner-masonry-content-pos-content'><div class='avia-arrow'><\/div><div class='av-masonry-entry-content entry-content'  itemprop=\"text\" >APARTEMENTS TOUR\u00cdSTIQUES<\/div><\/div><\/div><\/figcaption><\/figure><\/a><!--end av-masonry entry--><a href=\"\/fr\/pensions\/\"  aria-label=\"image PENSIONS\"  id='av-masonry-1-item-6456' data-av-masonry-item='6456' class='av-masonry-entry isotope-item post-6456 attachment type-attachment status-inherit hentry  av-masonry-item-with-image av-grid-img' title=\"PENSIONS\" alt=\"APARTEMENTS TOUR\u00cdSTIQUES\"  data-av-masonry-custom-link=\"\/fr\/pensions\/\"  itemprop=\"thumbnailUrl\" ><div class='av-inner-masonry-sizer'><\/div><figure class='av-inner-masonry main_color'><div class=\"av-masonry-outerimage-container\"><div class='av-masonry-image-container' style=\"background-image: url(https:\/\/beta.turismourdaibai.com\/wp-content\/uploads\/2018\/06\/43_Pensiones_Itsasmin.jpg);\"  title=\"PENSIONS\"   alt=\"APARTEMENTS TOUR\u00cdSTIQUES\" ><\/div><\/div><figcaption class='av-inner-masonry-content site-background'><div class='av-inner-masonry-content-pos'><div class='av-inner-masonry-content-pos-content'><div class='avia-arrow'><\/div><div class='av-masonry-entry-content entry-content'  itemprop=\"text\" >PENSIONS<\/div><\/div><\/div><\/figcaption><\/figure><\/a><!--end av-masonry entry--><a href=\"\/albergues\/\"  aria-label=\"image Meakaur\"  id='av-masonry-1-item-7320' data-av-masonry-item='7320' class='av-masonry-entry isotope-item post-7320 attachment type-attachment status-inherit hentry  av-masonry-item-with-image av-grid-img' title=\"Meakaur\" alt=\"Meakaur\"  data-av-masonry-custom-link=\"\/albergues\/\"  itemprop=\"thumbnailUrl\" ><div class='av-inner-masonry-sizer'><\/div><figure class='av-inner-masonry main_color'><div class=\"av-masonry-outerimage-container\"><div class='av-masonry-image-container' style=\"background-image: url(https:\/\/beta.turismourdaibai.com\/wp-content\/uploads\/2018\/12\/Meakaur.jpg);\"  title=\"Meakaur\"   alt=\"Meakaur\" ><\/div><\/div><figcaption class='av-inner-masonry-content site-background'><div class='av-inner-masonry-content-pos'><div class='av-inner-masonry-content-pos-content'><div class='avia-arrow'><\/div><div class='av-masonry-entry-content entry-content'  itemprop=\"text\" >AUBERGE<\/div><\/div><\/div><\/figcaption><\/figure><\/a><!--end av-masonry entry--><a href=\"\/fr\/campings\/\"  aria-label=\"image CAMPINGS\"  id='av-masonry-1-item-6453' data-av-masonry-item='6453' class='av-masonry-entry isotope-item post-6453 attachment type-attachment status-inherit hentry  av-masonry-item-with-image av-grid-img' title=\"CAMPINGS\" alt=\"CAMPINGS\"  data-av-masonry-custom-link=\"\/fr\/campings\/\"  itemprop=\"thumbnailUrl\" ><div class='av-inner-masonry-sizer'><\/div><figure class='av-inner-masonry main_color'><div class=\"av-masonry-outerimage-container\"><div class='av-masonry-image-container' style=\"background-image: url(https:\/\/beta.turismourdaibai.com\/wp-content\/uploads\/2018\/06\/62_Camping_Portuondo.jpg);\"  title=\"CAMPINGS\"   alt=\"CAMPINGS\" ><\/div><\/div><figcaption class='av-inner-masonry-content site-background'><div class='av-inner-masonry-content-pos'><div class='av-inner-masonry-content-pos-content'><div class='avia-arrow'><\/div><div class='av-masonry-entry-content entry-content'  itemprop=\"text\" >CAMPINGS<\/div><\/div><\/div><\/figcaption><\/figure><\/a><!--end av-masonry entry--><\/div><\/div>\n\n","protected":false},"excerpt":{"rendered":"","protected":false},"author":1,"featured_media":0,"parent":0,"menu_order":0,"comment_status":"closed","ping_status":"closed","template":"","meta":{"_mi_skip_tracking":false,"_exactmetrics_sitenote_active":false,"_exactmetrics_sitenote_note":"","_exactmetrics_sitenote_category":0},"yoast_head":"<!-- This site is optimized with the Yoast SEO plugin v20.10 - https:\/\/yoast.com\/wordpress\/plugins\/seo\/ -->\n<title>Vous trouverez ici le logement le plus adaptez \u00e0 vos besoins. Des \u00e9tablissements h\u00f4teliers de qualit\u00e9 avec le charme de la r\u00e9gion, qui rendront votre s\u00e9jour agr\u00e9able et confortable.<\/title>\n<meta name=\"description\" content=\"Vous trouverez ici le logement le plus adaptez \u00e0 vos besoins. Des \u00e9tablissements h\u00f4teliers de qualit\u00e9 avec le charme de la r\u00e9gion, qui rendront votre s\u00e9jour agr\u00e9able et confortable.\" \/>\n<meta name=\"robots\" content=\"index, follow, max-snippet:-1, max-image-preview:large, max-video-preview:-1\" \/>\n<link rel=\"canonical\" href=\"https:\/\/beta.turismourdaibai.com\/fr\/alojamientos\/\" \/>\n<meta property=\"og:locale\" content=\"fr_FR\" \/>\n<meta property=\"og:type\" content=\"article\" \/>\n<meta property=\"og:title\" content=\"Vous trouverez ici le logement le plus adaptez \u00e0 vos besoins. Des \u00e9tablissements h\u00f4teliers de qualit\u00e9 avec le charme de la r\u00e9gion, qui rendront votre s\u00e9jour agr\u00e9able et confortable.\" \/>\n<meta property=\"og:description\" content=\"Vous trouverez ici le logement le plus adaptez \u00e0 vos besoins. Des \u00e9tablissements h\u00f4teliers de qualit\u00e9 avec le charme de la r\u00e9gion, qui rendront votre s\u00e9jour agr\u00e9able et confortable.\" \/>\n<meta property=\"og:url\" content=\"https:\/\/beta.turismourdaibai.com\/es\/alojamientos\/\" \/>\n<meta property=\"og:site_name\" content=\"Turismo Urdaibai \/ Web oficial\" \/>\n<meta property=\"article:publisher\" content=\"https:\/\/es-es.facebook.com\/Turismourdaibai\/\" \/>\n<meta property=\"article:modified_time\" content=\"2019-06-12T11:18:57+00:00\" \/>\n<meta name=\"twitter:card\" content=\"summary_large_image\" \/>\n<meta name=\"twitter:site\" content=\"@turismourdaibai\" \/>\n<meta name=\"twitter:label1\" content=\"Dur\u00e9e de lecture estim\u00e9e\" \/>\n\t<meta name=\"twitter:data1\" content=\"2 minutes\" \/>\n<script type=\"application\/ld+json\" class=\"yoast-schema-graph\">{\"@context\":\"https:\/\/schema.org\",\"@graph\":[{\"@type\":\"WebPage\",\"@id\":\"https:\/\/beta.turismourdaibai.com\/es\/alojamientos\/\",\"url\":\"https:\/\/beta.turismourdaibai.com\/es\/alojamientos\/\",\"name\":\"Vous trouverez ici le logement le plus adaptez \u00e0 vos besoins. Des \u00e9tablissements h\u00f4teliers de qualit\u00e9 avec le charme de la r\u00e9gion, qui rendront votre s\u00e9jour agr\u00e9able et confortable.\",\"isPartOf\":{\"@id\":\"https:\/\/beta.turismourdaibai.com\/es\/#website\"},\"datePublished\":\"2019-04-09T08:42:07+00:00\",\"dateModified\":\"2019-06-12T11:18:57+00:00\",\"description\":\"Vous trouverez ici le logement le plus adaptez \u00e0 vos besoins. Des \u00e9tablissements h\u00f4teliers de qualit\u00e9 avec le charme de la r\u00e9gion, qui rendront votre s\u00e9jour agr\u00e9able et confortable.\",\"breadcrumb\":{\"@id\":\"https:\/\/beta.turismourdaibai.com\/es\/alojamientos\/#breadcrumb\"},\"inLanguage\":\"fr-FR\",\"potentialAction\":[{\"@type\":\"ReadAction\",\"target\":[\"https:\/\/beta.turismourdaibai.com\/es\/alojamientos\/\"]}]},{\"@type\":\"BreadcrumbList\",\"@id\":\"https:\/\/beta.turismourdaibai.com\/es\/alojamientos\/#breadcrumb\",\"itemListElement\":[{\"@type\":\"ListItem\",\"position\":1,\"name\":\"Portada\",\"item\":\"https:\/\/beta.turismourdaibai.com\/es\/\"},{\"@type\":\"ListItem\",\"position\":2,\"name\":\"LOGEMENTS\"}]},{\"@type\":\"WebSite\",\"@id\":\"https:\/\/beta.turismourdaibai.com\/es\/#website\",\"url\":\"https:\/\/beta.turismourdaibai.com\/es\/\",\"name\":\"Turismo Urdaibai \/ Web oficial\",\"description\":\"\u00bfQuieres conocer un universo natural en el que vivir experiencias \u00fanicas? Una cultura y un patrimonio cautivador; un paisaje seductor; rutas y turismo activo para todos los gustos\u2026\",\"potentialAction\":[{\"@type\":\"SearchAction\",\"target\":{\"@type\":\"EntryPoint\",\"urlTemplate\":\"https:\/\/beta.turismourdaibai.com\/es\/?s={search_term_string}\"},\"query-input\":\"required name=search_term_string\"}],\"inLanguage\":\"fr-FR\"}]}<\/script>\n<!-- \/ Yoast SEO plugin. -->","yoast_head_json":{"title":"Vous trouverez ici le logement le plus adaptez \u00e0 vos besoins. Des \u00e9tablissements h\u00f4teliers de qualit\u00e9 avec le charme de la r\u00e9gion, qui rendront votre s\u00e9jour agr\u00e9able et confortable.","description":"Vous trouverez ici le logement le plus adaptez \u00e0 vos besoins. Des \u00e9tablissements h\u00f4teliers de qualit\u00e9 avec le charme de la r\u00e9gion, qui rendront votre s\u00e9jour agr\u00e9able et confortable.","robots":{"index":"index","follow":"follow","max-snippet":"max-snippet:-1","max-image-preview":"max-image-preview:large","max-video-preview":"max-video-preview:-1"},"canonical":"https:\/\/beta.turismourdaibai.com\/fr\/alojamientos\/","og_locale":"fr_FR","og_type":"article","og_title":"Vous trouverez ici le logement le plus adaptez \u00e0 vos besoins. Des \u00e9tablissements h\u00f4teliers de qualit\u00e9 avec le charme de la r\u00e9gion, qui rendront votre s\u00e9jour agr\u00e9able et confortable.","og_description":"Vous trouverez ici le logement le plus adaptez \u00e0 vos besoins. Des \u00e9tablissements h\u00f4teliers de qualit\u00e9 avec le charme de la r\u00e9gion, qui rendront votre s\u00e9jour agr\u00e9able et confortable.","og_url":"https:\/\/beta.turismourdaibai.com\/es\/alojamientos\/","og_site_name":"Turismo Urdaibai \/ Web oficial","article_publisher":"https:\/\/es-es.facebook.com\/Turismourdaibai\/","article_modified_time":"2019-06-12T11:18:57+00:00","twitter_card":"summary_large_image","twitter_site":"@turismourdaibai","twitter_misc":{"Dur\u00e9e de lecture estim\u00e9e":"2 minutes"},"schema":{"@context":"https:\/\/schema.org","@graph":[{"@type":"WebPage","@id":"https:\/\/beta.turismourdaibai.com\/es\/alojamientos\/","url":"https:\/\/beta.turismourdaibai.com\/es\/alojamientos\/","name":"Vous trouverez ici le logement le plus adaptez \u00e0 vos besoins. Des \u00e9tablissements h\u00f4teliers de qualit\u00e9 avec le charme de la r\u00e9gion, qui rendront votre s\u00e9jour agr\u00e9able et confortable.","isPartOf":{"@id":"https:\/\/beta.turismourdaibai.com\/es\/#website"},"datePublished":"2019-04-09T08:42:07+00:00","dateModified":"2019-06-12T11:18:57+00:00","description":"Vous trouverez ici le logement le plus adaptez \u00e0 vos besoins. Des \u00e9tablissements h\u00f4teliers de qualit\u00e9 avec le charme de la r\u00e9gion, qui rendront votre s\u00e9jour agr\u00e9able et confortable.","breadcrumb":{"@id":"https:\/\/beta.turismourdaibai.com\/es\/alojamientos\/#breadcrumb"},"inLanguage":"fr-FR","potentialAction":[{"@type":"ReadAction","target":["https:\/\/beta.turismourdaibai.com\/es\/alojamientos\/"]}]},{"@type":"BreadcrumbList","@id":"https:\/\/beta.turismourdaibai.com\/es\/alojamientos\/#breadcrumb","itemListElement":[{"@type":"ListItem","position":1,"name":"Portada","item":"https:\/\/beta.turismourdaibai.com\/es\/"},{"@type":"ListItem","position":2,"name":"LOGEMENTS"}]},{"@type":"WebSite","@id":"https:\/\/beta.turismourdaibai.com\/es\/#website","url":"https:\/\/beta.turismourdaibai.com\/es\/","name":"Turismo Urdaibai \/ Web oficial","description":"\u00bfQuieres conocer un universo natural en el que vivir experiencias \u00fanicas? Una cultura y un patrimonio cautivador; un paisaje seductor; rutas y turismo activo para todos los gustos\u2026","potentialAction":[{"@type":"SearchAction","target":{"@type":"EntryPoint","urlTemplate":"https:\/\/beta.turismourdaibai.com\/es\/?s={search_term_string}"},"query-input":"required name=search_term_string"}],"inLanguage":"fr-FR"}]}},"_links":{"self":[{"href":"https:\/\/beta.turismourdaibai.com\/fr\/wp-json\/wp\/v2\/pages\/8726"}],"collection":[{"href":"https:\/\/beta.turismourdaibai.com\/fr\/wp-json\/wp\/v2\/pages"}],"about":[{"href":"https:\/\/beta.turismourdaibai.com\/fr\/wp-json\/wp\/v2\/types\/page"}],"author":[{"embeddable":true,"href":"https:\/\/beta.turismourdaibai.com\/fr\/wp-json\/wp\/v2\/users\/1"}],"replies":[{"embeddable":true,"href":"https:\/\/beta.turismourdaibai.com\/fr\/wp-json\/wp\/v2\/comments?post=8726"}],"version-history":[{"count":4,"href":"https:\/\/beta.turismourdaibai.com\/fr\/wp-json\/wp\/v2\/pages\/8726\/revisions"}],"predecessor-version":[{"id":11068,"href":"https:\/\/beta.turismourdaibai.com\/fr\/wp-json\/wp\/v2\/pages\/8726\/revisions\/11068"}],"wp:attachment":[{"href":"https:\/\/beta.turismourdaibai.com\/fr\/wp-json\/wp\/v2\/media?parent=8726"}],"curies":[{"name":"wp","href":"https:\/\/api.w.org\/{rel}","templated":true}]}}