{"id":8767,"date":"2019-04-09T10:23:58","date_gmt":"2019-04-09T10:23:58","guid":{"rendered":"http:\/\/turismourdaibai.com\/essences-urdaibai\/"},"modified":"2022-12-19T14:35:11","modified_gmt":"2022-12-19T14:35:11","slug":"essences-urdaibai","status":"publish","type":"page","link":"https:\/\/beta.turismourdaibai.com\/fr\/essences-urdaibai\/","title":{"rendered":"Essences Urdaibai"},"content":{"rendered":"<div id='full_slider_1'  class='avia-fullwidth-slider main_color avia-shadow   avia-builder-el-0  el_before_av_section  avia-builder-el-first   container_wrap fullsize'  >\n<style type=\"text\/css\" data-created_by=\"avia_inline_auto\" id=\"style-css-av-av_slideshow_full-2b62c851d30512132212bd5a87de0d38\">\n#top #wrap_all .avia-slideshow .av-slideshow-caption.av-av_slideshow_full-2b62c851d30512132212bd5a87de0d38__0 .avia-caption-title{\nfont-size:100px;\n}\n<\/style>\n<div  class='avia-slideshow av-av_slideshow_full-2b62c851d30512132212bd5a87de0d38 avia-slideshow-featured av_slideshow_full avia-fade-slider av-slideshow-ui av-control-default av-slideshow-manual av-loop-once av-loop-manual-endless av-default-height-applied   avia-slideshow-1' data-slideshow-options=\"{&quot;animation&quot;:&quot;fade&quot;,&quot;autoplay&quot;:false,&quot;loop_autoplay&quot;:&quot;once&quot;,&quot;interval&quot;:5,&quot;loop_manual&quot;:&quot;manual-endless&quot;,&quot;autoplay_stopper&quot;:false,&quot;noNavigation&quot;:false,&quot;bg_slider&quot;:false,&quot;keep_padding&quot;:false,&quot;hoverpause&quot;:false,&quot;show_slide_delay&quot;:0}\"  itemprop=\"image\" itemscope=\"itemscope\" itemtype=\"https:\/\/schema.org\/ImageObject\" ><ul class='avia-slideshow-inner ' style='padding-bottom: 26.666666666667%;'><li  class='avia-slideshow-slide av-av_slideshow_full-2b62c851d30512132212bd5a87de0d38__0  av-single-slide slide-1 slide-odd'><div data-rel='slideshow-1' class='avia-slide-wrap '   ><img class=\"wp-image-12866 avia-img-lazy-loading-not-12866\"  src='https:\/\/beta.turismourdaibai.com\/wp-content\/uploads\/2020\/04\/cabecera-esencias-de-urdaibai-1500x400.jpg' width='1500' height='400' title='cabecera esencias de urdaibai' alt=''  itemprop=\"thumbnailUrl\"   \/><\/div><\/li><\/ul><\/div><\/div>\n<div id='av_section_1'  class='avia-section av-av_section-30041de77c356f3f194a232a6562c09f main_color avia-section-default avia-no-shadow  avia-builder-el-1  el_after_av_slideshow_full  el_before_av_section  avia-bg-style-scroll container_wrap fullsize'  ><div class='container av-section-cont-open' ><div class='template-page content  av-content-full alpha units'><div class='post-entry post-entry-type-page post-entry-8767'><div class='entry-content-wrapper clearfix'>\n\n<style type=\"text\/css\" data-created_by=\"avia_inline_auto\" id=\"style-css-av-av_one_full-15d750bd1b332b34c6e70b077ebbccdf\">\n.flex_column.av-av_one_full-15d750bd1b332b34c6e70b077ebbccdf{\nborder-radius:0px 0px 0px 0px;\npadding:0px 0px 0px 0px;\n}\n<\/style>\n<div  class='flex_column av-av_one_full-15d750bd1b332b34c6e70b077ebbccdf av_one_full  avia-builder-el-2  el_before_av_one_half  avia-builder-el-first  first flex_column_div av-zero-column-padding  '     ><section  class='av_textblock_section av-av_textblock-2bd894dbf2e4bf2c4acf98ce4fbf94aa '   itemscope=\"itemscope\" itemtype=\"https:\/\/schema.org\/CreativeWork\" ><div class='avia_textblock'  itemprop=\"text\" ><h1>Essences Urdaibai<\/h1>\n<h2><span style=\"color: #000000;\"><em>Des produits d\u2019une richesse exceptionnelle. <\/em><\/span><\/h2>\n<h2><\/h2>\n<\/div><\/section><\/div><div class='flex_column_table av-av_one_half-d4478351176c8e3ad2a6cd0a3e05eeec sc-av_one_half av-equal-height-column-flextable'>\n<style type=\"text\/css\" data-created_by=\"avia_inline_auto\" id=\"style-css-av-av_one_half-d4478351176c8e3ad2a6cd0a3e05eeec\">\n.flex_column.av-av_one_half-d4478351176c8e3ad2a6cd0a3e05eeec{\nborder-radius:0px 0px 0px 0px;\npadding:0px 0px 0px 0px;\n}\n<\/style>\n<div  class='flex_column av-av_one_half-d4478351176c8e3ad2a6cd0a3e05eeec av_one_half  avia-builder-el-4  el_after_av_one_full  el_before_av_four_fifth  first flex_column_table_cell av-equal-height-column av-align-top av-zero-column-padding  column-top-margin'     ><section  class='av_textblock_section av-av_textblock-2bd894dbf2e4bf2c4acf98ce4fbf94aa '   itemscope=\"itemscope\" itemtype=\"https:\/\/schema.org\/CreativeWork\" ><div class='avia_textblock'  itemprop=\"text\" ><p>C\u2019est un projet qui int\u00e8gre le producteur local, le restaurateur et le client pour mettre en valeur et promouvoir la gastronomie de l\u2019Urdaibai. Le r\u00e9sultat de cette initiative sont des recettes savoureuses et innovantes, avec le produit local comme ingr\u00e9dient principal, avec un mariage parfait, original et innovant, donnant la priorit\u00e9 aux circuits courts de commercialisation.<\/p>\n<p>Les \u00e9levages de b\u00e9tail, les potagers et les produits de la mer sont partie essentielle de la culture et de l\u2019\u00e9conomie de l\u2019Urdaibai, et de son paysage. Cette r\u00e9gion, en plus de b\u00e9n\u00e9ficier d\u2019une exceptionnelle situation g\u00e9ographique, dispose d\u2019un splendide environnement rural et d\u2019un secteur primaire riche en traditions.<\/p>\n<\/div><\/section><\/div><\/div><!--close column table wrapper. Autoclose: 1 -->\n<style type=\"text\/css\" data-created_by=\"avia_inline_auto\" id=\"style-css-av-av_four_fifth-15d750bd1b332b34c6e70b077ebbccdf\">\n.flex_column.av-av_four_fifth-15d750bd1b332b34c6e70b077ebbccdf{\nborder-radius:0px 0px 0px 0px;\npadding:0px 0px 0px 0px;\n}\n<\/style>\n<div  class='flex_column av-av_four_fifth-15d750bd1b332b34c6e70b077ebbccdf av_four_fifth  avia-builder-el-6  el_after_av_one_half  el_before_av_four_fifth  first flex_column_div av-zero-column-padding  column-top-margin'     ><div  class='avia-video av-av_video-14659186bd5e59b29a81377a3523db5e avia-video-16-9 av-no-preview-image avia-video-load-always av-lazyload-immediate av-lazyload-video-embed'  itemprop=\"video\" itemtype=\"https:\/\/schema.org\/VideoObject\"  data-original_url='https:\/\/youtu.be\/f__gQsQ63vg'><script type='text\/html' class='av-video-tmpl'><div class='avia-iframe-wrap'><iframe title=\"Urdaibaiko Esentziak Mundaka 2022\" width=\"1500\" height=\"844\" src=\"https:\/\/www.youtube.com\/embed\/f__gQsQ63vg?feature=oembed&autoplay=0&loop=0&controls=1&mute=0\" frameborder=\"0\" allow=\"accelerometer; autoplay; clipboard-write; encrypted-media; gyroscope; picture-in-picture\" allowfullscreen><\/iframe><\/div><\/script><div class='av-click-to-play-overlay'><div class=\"avia_playpause_icon\"><\/div><\/div><\/div><\/div>\n<style type=\"text\/css\" data-created_by=\"avia_inline_auto\" id=\"style-css-av-av_four_fifth-15d750bd1b332b34c6e70b077ebbccdf\">\n.flex_column.av-av_four_fifth-15d750bd1b332b34c6e70b077ebbccdf{\nborder-radius:0px 0px 0px 0px;\npadding:0px 0px 0px 0px;\n}\n<\/style>\n<div  class='flex_column av-av_four_fifth-15d750bd1b332b34c6e70b077ebbccdf av_four_fifth  avia-builder-el-8  el_after_av_four_fifth  avia-builder-el-last  first flex_column_div av-zero-column-padding  '     ><div  class='avia-video av-av_video-e02b736eb73dcd2a5db2b5a190474d53 avia-video-16-9 av-no-preview-image avia-video-load-always av-lazyload-immediate av-lazyload-video-embed'  itemprop=\"video\" itemtype=\"https:\/\/schema.org\/VideoObject\"  data-original_url='https:\/\/vimeo.com\/668633690'><script type='text\/html' class='av-video-tmpl'><div class='avia-iframe-wrap'><iframe title=\"MAHASTI ARTEAN 2021\" src=\"https:\/\/player.vimeo.com\/video\/668633690?h=79eca08440&amp;dnt=1&amp;app_id=122963&autoplay=0&loop=0&controls=1&muted=0\" width=\"1500\" height=\"844\" frameborder=\"0\" allow=\"autoplay; fullscreen; picture-in-picture\" allowfullscreen><\/iframe><\/div><\/script><div class='av-click-to-play-overlay'><div class=\"avia_playpause_icon\"><\/div><\/div><\/div><\/div><\/div><\/div><\/div><!-- close content main div --><\/div><\/div><div id='av_section_2'  class='avia-section av-av_section-30041de77c356f3f194a232a6562c09f main_color avia-section-default avia-no-shadow  avia-builder-el-10  el_after_av_section  el_before_av_section  avia-bg-style-scroll container_wrap fullsize'  ><div class='container av-section-cont-open' ><div class='template-page content  av-content-full alpha units'><div class='post-entry post-entry-type-page post-entry-8767'><div class='entry-content-wrapper clearfix'>\n\n<style type=\"text\/css\" data-created_by=\"avia_inline_auto\" id=\"style-css-av-av_one_full-15d750bd1b332b34c6e70b077ebbccdf\">\n.flex_column.av-av_one_full-15d750bd1b332b34c6e70b077ebbccdf{\nborder-radius:0px 0px 0px 0px;\npadding:0px 0px 0px 0px;\n}\n<\/style>\n<div  class='flex_column av-av_one_full-15d750bd1b332b34c6e70b077ebbccdf av_one_full  avia-builder-el-11  el_before_av_three_fifth  avia-builder-el-first  first flex_column_div av-zero-column-padding  '     ><section  class='av_textblock_section av-av_textblock-2bd894dbf2e4bf2c4acf98ce4fbf94aa '   itemscope=\"itemscope\" itemtype=\"https:\/\/schema.org\/CreativeWork\" ><div class='avia_textblock'  itemprop=\"text\" ><h2><span style=\"color: #000000;\"><em>Produits Urdaibai<\/em><\/span><\/h2>\n<h2><\/h2>\n<\/div><\/section><\/div><div class='flex_column_table av-av_three_fifth-d4478351176c8e3ad2a6cd0a3e05eeec sc-av_three_fifth av-equal-height-column-flextable'>\n<style type=\"text\/css\" data-created_by=\"avia_inline_auto\" id=\"style-css-av-av_three_fifth-d4478351176c8e3ad2a6cd0a3e05eeec\">\n.flex_column.av-av_three_fifth-d4478351176c8e3ad2a6cd0a3e05eeec{\nborder-radius:0px 0px 0px 0px;\npadding:0px 0px 0px 0px;\n}\n<\/style>\n<div  class='flex_column av-av_three_fifth-d4478351176c8e3ad2a6cd0a3e05eeec av_three_fifth  avia-builder-el-13  el_after_av_one_full  el_before_av_two_fifth  first flex_column_table_cell av-equal-height-column av-align-top av-zero-column-padding  column-top-margin'     ><p><section  class='av_textblock_section av-av_textblock-2bd894dbf2e4bf2c4acf98ce4fbf94aa '   itemscope=\"itemscope\" itemtype=\"https:\/\/schema.org\/CreativeWork\" ><div class='avia_textblock'  itemprop=\"text\" ><p>D\u00e9couvrez et savourez, la meilleure mati\u00e8re premi\u00e8re de la r\u00e9gion. Nous produisons dans les potagers de l\u2019Urdaibai, avec le soin et l\u2019attention de mains expertes. Nos produits sont en premi\u00e8re ligne de la gastronomie de Euskadi.<\/p>\n<\/div><\/section><br \/>\n<section  class='av_textblock_section av-av_textblock-2bd894dbf2e4bf2c4acf98ce4fbf94aa '   itemscope=\"itemscope\" itemtype=\"https:\/\/schema.org\/CreativeWork\" ><div class='avia_textblock'  itemprop=\"text\" ><h6 style=\"text-align: right;\"><a href=\"http:\/\/turismourdaibai.com\/fr\/shopping-en-urdaibai\/\" target=\"_blank\" rel=\"noopener noreferrer\"><span style=\"color: #008bb2;\">PRODUITS DE L\u2019URDAIBAI<\/span><\/a><\/h6>\n<\/div><\/section><\/p><\/div><div class='av-flex-placeholder'><\/div>\n<style type=\"text\/css\" data-created_by=\"avia_inline_auto\" id=\"style-css-av-av_two_fifth-c8fc129dc35fd1ae2a1e410224d39ea8\">\n.flex_column.av-av_two_fifth-c8fc129dc35fd1ae2a1e410224d39ea8{\nborder-radius:0px 0px 0px 0px;\npadding:0px 0px 0px 0px;\n}\n<\/style>\n<div  class='flex_column av-av_two_fifth-c8fc129dc35fd1ae2a1e410224d39ea8 av_two_fifth  avia-builder-el-16  el_after_av_three_fifth  avia-builder-el-last  flex_column_table_cell av-equal-height-column av-align-top av-zero-column-padding  column-top-margin'     ><style type=\"text\/css\" data-created_by=\"avia_inline_auto\" id=\"style-css-av-av_image-5a39b28108a9f0257eadb3416f2bed0a\">\n.avia-image-container.av-av_image-5a39b28108a9f0257eadb3416f2bed0a img.avia_image{\nbox-shadow:none;\n}\n.avia-image-container.av-av_image-5a39b28108a9f0257eadb3416f2bed0a .av-image-caption-overlay-center{\ncolor:#ffffff;\n}\n<\/style>\n<div  class='avia-image-container av-av_image-5a39b28108a9f0257eadb3416f2bed0a av-styling- avia-align-center  avia-builder-el-17  avia-builder-el-no-sibling '   itemprop=\"image\" itemscope=\"itemscope\" itemtype=\"https:\/\/schema.org\/ImageObject\" ><div class=\"avia-image-container-inner\"><div class=\"avia-image-overlay-wrap\"><img class='wp-image-6999 avia-img-lazy-loading-not-6999 avia_image ' src='https:\/\/beta.turismourdaibai.com\/wp-content\/uploads\/2018\/10\/QUESO-300x200.jpg' alt='' title='QUESO'  height=\"200\" width=\"300\"  itemprop=\"thumbnailUrl\"  \/><\/div><\/div><\/div><\/div><\/div><!--close column table wrapper. Autoclose: 1 -->\n<\/p>\n<\/div><\/div><\/div><!-- close content main div --><\/div><\/div>\n<style type=\"text\/css\" data-created_by=\"avia_inline_auto\" id=\"style-css-av-av_section-880ba1900f9e3f5bcca1be5621487f91\">\n.avia-section.av-av_section-880ba1900f9e3f5bcca1be5621487f91 .av-section-color-overlay{\nopacity:0.5;\nbackground-color:#008bb2;\nbackground-image:url(https:\/\/beta.turismourdaibai.com\/wp-content\/themes\/enfold\/images\/background-images\/dots-mini-light.png);\nbackground-repeat:repeat;\n}\n<\/style>\n<div id='av_section_3'  class='avia-section av-av_section-880ba1900f9e3f5bcca1be5621487f91 main_color avia-section-default avia-no-shadow  avia-builder-el-18  el_after_av_section  avia-builder-el-last  avia-bg-style-scroll av-section-color-overlay-active container_wrap fullsize'  ><div class=\"av-section-color-overlay-wrap\"><div class=\"av-section-color-overlay\"><\/div><div class='container av-section-cont-open' ><div class='template-page content  av-content-full alpha units'><div class='post-entry post-entry-type-page post-entry-8767'><div class='entry-content-wrapper clearfix'>\n\n<style type=\"text\/css\" data-created_by=\"avia_inline_auto\" id=\"style-css-av-av_heading-b361495f8ee6c11879f2c1bc94f24de9\">\n#top .av-special-heading.av-av_heading-b361495f8ee6c11879f2c1bc94f24de9{\npadding-bottom:10px;\ncolor:#ffffff;\nfont-size:45px;\n}\nbody .av-special-heading.av-av_heading-b361495f8ee6c11879f2c1bc94f24de9 .av-special-heading-tag .heading-char{\nfont-size:25px;\n}\n#top #wrap_all .av-special-heading.av-av_heading-b361495f8ee6c11879f2c1bc94f24de9 .av-special-heading-tag{\nfont-size:45px;\n}\n.av-special-heading.av-av_heading-b361495f8ee6c11879f2c1bc94f24de9 .special-heading-inner-border{\nborder-color:#ffffff;\n}\n.av-special-heading.av-av_heading-b361495f8ee6c11879f2c1bc94f24de9 .av-subheading{\nfont-size:15px;\n}\n\n@media only screen and (min-width: 480px) and (max-width: 767px){ \n#top #wrap_all .av-special-heading.av-av_heading-b361495f8ee6c11879f2c1bc94f24de9 .av-special-heading-tag{\nfont-size:0.8em;\n}\n}\n\n@media only screen and (max-width: 479px){ \n#top #wrap_all .av-special-heading.av-av_heading-b361495f8ee6c11879f2c1bc94f24de9 .av-special-heading-tag{\nfont-size:0.8em;\n}\n}\n<\/style>\n<div  class='av-special-heading av-av_heading-b361495f8ee6c11879f2c1bc94f24de9 av-special-heading-h3 custom-color-heading blockquote modern-quote modern-centered  avia-builder-el-19  el_before_av_one_fourth  avia-builder-el-first  av-inherit-size'><h3 class='av-special-heading-tag'  itemprop=\"headline\"  >PLUS DE CHOSES A VOIR<\/h3><div class=\"special-heading-border\"><div class=\"special-heading-inner-border\"><\/div><\/div><\/div>\n<div class='flex_column_table av-av_one_fourth-2fc79049abc47880ea38b5f0805afa77 sc-av_one_fourth av-equal-height-column-flextable'>\n<style type=\"text\/css\" data-created_by=\"avia_inline_auto\" id=\"style-css-av-av_one_fourth-2fc79049abc47880ea38b5f0805afa77\">\n.flex_column.av-av_one_fourth-2fc79049abc47880ea38b5f0805afa77{\nborder-radius:0px 0px 0px 0px;\npadding:0px 0px 0px 0px;\n}\n<\/style>\n<div  class='flex_column av-av_one_fourth-2fc79049abc47880ea38b5f0805afa77 av_one_fourth  avia-builder-el-20  el_after_av_heading  el_before_av_one_fourth  first flex_column_table_cell av-equal-height-column av-align-middle av-animated-generic av-rotateIn av-zero-column-padding  '     ><div  class='avia-button-wrap av-av_button-22d052667b2f5ad118d0c23c4b9af2f3-wrap avia-button-center  avia-builder-el-21  avia-builder-el-no-sibling '>\n<style type=\"text\/css\" data-created_by=\"avia_inline_auto\" id=\"style-css-av-av_button-22d052667b2f5ad118d0c23c4b9af2f3\">\n#top #wrap_all .avia-button.av-av_button-22d052667b2f5ad118d0c23c4b9af2f3{\nbackground-color:#008bb2;\nborder-color:#008bb2;\ncolor:#ffffff;\ntransition:all 0.4s ease-in-out;\n}\n<\/style>\n<a href='http:\/\/turismourdaibai.com\/fr\/nos-villages\/'  class='avia-button av-av_button-22d052667b2f5ad118d0c23c4b9af2f3 avia-icon_select-no avia-size-x-large avia-position-center'  ><span class='avia_iconbox_title' >LES VILLAGES<\/span><\/a><\/div><\/div><div class='av-flex-placeholder'><\/div>\n<style type=\"text\/css\" data-created_by=\"avia_inline_auto\" id=\"style-css-av-av_one_fourth-287d585e9cc13345f58fcf711e9e7cf3\">\n.flex_column.av-av_one_fourth-287d585e9cc13345f58fcf711e9e7cf3{\nborder-radius:0px 0px 0px 0px;\npadding:0px 0px 0px 0px;\n}\n<\/style>\n<div  class='flex_column av-av_one_fourth-287d585e9cc13345f58fcf711e9e7cf3 av_one_fourth  avia-builder-el-22  el_after_av_one_fourth  el_before_av_one_fourth  flex_column_table_cell av-equal-height-column av-align-middle av-animated-generic av-rotateIn av-zero-column-padding  '     ><div  class='avia-button-wrap av-av_button-1fe5c381270f8b436a7649cf5eff1fee-wrap avia-button-center  avia-builder-el-23  avia-builder-el-no-sibling '>\n<style type=\"text\/css\" data-created_by=\"avia_inline_auto\" id=\"style-css-av-av_button-1fe5c381270f8b436a7649cf5eff1fee\">\n#top #wrap_all .avia-button.av-av_button-1fe5c381270f8b436a7649cf5eff1fee{\nbackground-color:#008bb2;\nborder-color:#008bb2;\ncolor:#ffffff;\ntransition:all 0.4s ease-in-out;\n}\n<\/style>\n<a href='http:\/\/turismourdaibai.com\/fr\/logements\/'  class='avia-button av-av_button-1fe5c381270f8b436a7649cf5eff1fee avia-icon_select-no avia-size-x-large avia-position-center'  ><span class='avia_iconbox_title' >OU DORMIR<\/span><\/a><\/div><\/div><div class='av-flex-placeholder'><\/div>\n<style type=\"text\/css\" data-created_by=\"avia_inline_auto\" id=\"style-css-av-av_one_fourth-287d585e9cc13345f58fcf711e9e7cf3\">\n.flex_column.av-av_one_fourth-287d585e9cc13345f58fcf711e9e7cf3{\nborder-radius:0px 0px 0px 0px;\npadding:0px 0px 0px 0px;\n}\n<\/style>\n<div  class='flex_column av-av_one_fourth-287d585e9cc13345f58fcf711e9e7cf3 av_one_fourth  avia-builder-el-24  el_after_av_one_fourth  el_before_av_one_fourth  flex_column_table_cell av-equal-height-column av-align-middle av-animated-generic av-rotateIn av-zero-column-padding  '     ><div  class='avia-button-wrap av-av_button-883173e93b2c272fb2467ea0f3563d5a-wrap avia-button-center  avia-builder-el-25  avia-builder-el-no-sibling '>\n<style type=\"text\/css\" data-created_by=\"avia_inline_auto\" id=\"style-css-av-av_button-883173e93b2c272fb2467ea0f3563d5a\">\n#top #wrap_all .avia-button.av-av_button-883173e93b2c272fb2467ea0f3563d5a{\nbackground-color:#008bb2;\nborder-color:#008bb2;\ncolor:#ffffff;\ntransition:all 0.4s ease-in-out;\n}\n<\/style>\n<a href='http:\/\/turismourdaibai.com\/fr\/activities\/'  class='avia-button av-av_button-883173e93b2c272fb2467ea0f3563d5a avia-icon_select-no avia-size-x-large avia-position-center'  ><span class='avia_iconbox_title' >ACTIVITIES<\/span><\/a><\/div><\/div><div class='av-flex-placeholder'><\/div>\n<style type=\"text\/css\" data-created_by=\"avia_inline_auto\" id=\"style-css-av-av_one_fourth-287d585e9cc13345f58fcf711e9e7cf3\">\n.flex_column.av-av_one_fourth-287d585e9cc13345f58fcf711e9e7cf3{\nborder-radius:0px 0px 0px 0px;\npadding:0px 0px 0px 0px;\n}\n<\/style>\n<div  class='flex_column av-av_one_fourth-287d585e9cc13345f58fcf711e9e7cf3 av_one_fourth  avia-builder-el-26  el_after_av_one_fourth  avia-builder-el-last  flex_column_table_cell av-equal-height-column av-align-middle av-animated-generic av-rotateIn av-zero-column-padding  '     ><div  class='avia-button-wrap av-av_button-6a253dd73b241d023c770179a5eeeb03-wrap avia-button-center  avia-builder-el-27  avia-builder-el-no-sibling '>\n<style type=\"text\/css\" data-created_by=\"avia_inline_auto\" id=\"style-css-av-av_button-6a253dd73b241d023c770179a5eeeb03\">\n#top #wrap_all .avia-button.av-av_button-6a253dd73b241d023c770179a5eeeb03{\nbackground-color:#008bb2;\nborder-color:#008bb2;\ncolor:#ffffff;\ntransition:all 0.4s ease-in-out;\n}\n<\/style>\n<a href='http:\/\/turismourdaibai.com\/fr\/caves\/'  class='avia-button av-av_button-6a253dd73b241d023c770179a5eeeb03 avia-icon_select-no avia-size-x-large avia-position-center'  ><span class='avia_iconbox_title' >WINE CELLARS<\/span><\/a><\/div><\/div><\/div><!--close column table wrapper. Autoclose: 1 -->\n\n","protected":false},"excerpt":{"rendered":"","protected":false},"author":1,"featured_media":7002,"parent":0,"menu_order":0,"comment_status":"closed","ping_status":"closed","template":"","meta":{"_mi_skip_tracking":false,"_exactmetrics_sitenote_active":false,"_exactmetrics_sitenote_note":"","_exactmetrics_sitenote_category":0},"yoast_head":"<!-- This site is optimized with the Yoast SEO plugin v20.10 - https:\/\/yoast.com\/wordpress\/plugins\/seo\/ -->\n<title>Essences Urdaibai - Turismo Urdaibai \/ Web oficial<\/title>\n<meta name=\"robots\" content=\"index, follow, max-snippet:-1, max-image-preview:large, max-video-preview:-1\" \/>\n<link rel=\"canonical\" href=\"https:\/\/beta.turismourdaibai.com\/fr\/essences-urdaibai\/\" \/>\n<meta property=\"og:locale\" content=\"fr_FR\" \/>\n<meta property=\"og:type\" content=\"article\" \/>\n<meta property=\"og:title\" content=\"Essences Urdaibai - Turismo Urdaibai \/ Web oficial\" \/>\n<meta property=\"og:url\" content=\"https:\/\/beta.turismourdaibai.com\/fr\/essences-urdaibai\/\" \/>\n<meta property=\"og:site_name\" content=\"Turismo Urdaibai \/ Web oficial\" \/>\n<meta property=\"article:publisher\" content=\"https:\/\/es-es.facebook.com\/Turismourdaibai\/\" \/>\n<meta property=\"article:modified_time\" content=\"2022-12-19T14:35:11+00:00\" \/>\n<meta property=\"og:image\" content=\"https:\/\/beta.turismourdaibai.com\/wp-content\/uploads\/2018\/10\/de-la-huerta-a-tu-puerta.jpg\" \/>\n\t<meta property=\"og:image:width\" content=\"2248\" \/>\n\t<meta property=\"og:image:height\" content=\"1810\" \/>\n\t<meta property=\"og:image:type\" content=\"image\/jpeg\" \/>\n<meta name=\"twitter:card\" content=\"summary_large_image\" \/>\n<meta name=\"twitter:site\" content=\"@turismourdaibai\" \/>\n<meta name=\"twitter:label1\" content=\"Dur\u00e9e de lecture estim\u00e9e\" \/>\n\t<meta name=\"twitter:data1\" content=\"9 minutes\" \/>\n<script type=\"application\/ld+json\" class=\"yoast-schema-graph\">{\"@context\":\"https:\/\/schema.org\",\"@graph\":[{\"@type\":\"WebPage\",\"@id\":\"https:\/\/beta.turismourdaibai.com\/fr\/essences-urdaibai\/\",\"url\":\"https:\/\/beta.turismourdaibai.com\/fr\/essences-urdaibai\/\",\"name\":\"Essences Urdaibai - Turismo Urdaibai \/ Web oficial\",\"isPartOf\":{\"@id\":\"https:\/\/beta.turismourdaibai.com\/es\/#website\"},\"datePublished\":\"2019-04-09T10:23:58+00:00\",\"dateModified\":\"2022-12-19T14:35:11+00:00\",\"breadcrumb\":{\"@id\":\"https:\/\/beta.turismourdaibai.com\/fr\/essences-urdaibai\/#breadcrumb\"},\"inLanguage\":\"fr-FR\",\"potentialAction\":[{\"@type\":\"ReadAction\",\"target\":[\"https:\/\/beta.turismourdaibai.com\/fr\/essences-urdaibai\/\"]}]},{\"@type\":\"BreadcrumbList\",\"@id\":\"https:\/\/beta.turismourdaibai.com\/fr\/essences-urdaibai\/#breadcrumb\",\"itemListElement\":[{\"@type\":\"ListItem\",\"position\":1,\"name\":\"Portada\",\"item\":\"https:\/\/beta.turismourdaibai.com\/es\/\"},{\"@type\":\"ListItem\",\"position\":2,\"name\":\"Essences Urdaibai\"}]},{\"@type\":\"WebSite\",\"@id\":\"https:\/\/beta.turismourdaibai.com\/es\/#website\",\"url\":\"https:\/\/beta.turismourdaibai.com\/es\/\",\"name\":\"Turismo Urdaibai \/ Web oficial\",\"description\":\"\u00bfQuieres conocer un universo natural en el que vivir experiencias \u00fanicas? Una cultura y un patrimonio cautivador; un paisaje seductor; rutas y turismo activo para todos los gustos\u2026\",\"potentialAction\":[{\"@type\":\"SearchAction\",\"target\":{\"@type\":\"EntryPoint\",\"urlTemplate\":\"https:\/\/beta.turismourdaibai.com\/es\/?s={search_term_string}\"},\"query-input\":\"required name=search_term_string\"}],\"inLanguage\":\"fr-FR\"}]}<\/script>\n<!-- \/ Yoast SEO plugin. -->","yoast_head_json":{"title":"Essences Urdaibai - Turismo Urdaibai \/ Web oficial","robots":{"index":"index","follow":"follow","max-snippet":"max-snippet:-1","max-image-preview":"max-image-preview:large","max-video-preview":"max-video-preview:-1"},"canonical":"https:\/\/beta.turismourdaibai.com\/fr\/essences-urdaibai\/","og_locale":"fr_FR","og_type":"article","og_title":"Essences Urdaibai - Turismo Urdaibai \/ Web oficial","og_url":"https:\/\/beta.turismourdaibai.com\/fr\/essences-urdaibai\/","og_site_name":"Turismo Urdaibai \/ Web oficial","article_publisher":"https:\/\/es-es.facebook.com\/Turismourdaibai\/","article_modified_time":"2022-12-19T14:35:11+00:00","og_image":[{"width":2248,"height":1810,"url":"https:\/\/beta.turismourdaibai.com\/wp-content\/uploads\/2018\/10\/de-la-huerta-a-tu-puerta.jpg","type":"image\/jpeg"}],"twitter_card":"summary_large_image","twitter_site":"@turismourdaibai","twitter_misc":{"Dur\u00e9e de lecture estim\u00e9e":"9 minutes"},"schema":{"@context":"https:\/\/schema.org","@graph":[{"@type":"WebPage","@id":"https:\/\/beta.turismourdaibai.com\/fr\/essences-urdaibai\/","url":"https:\/\/beta.turismourdaibai.com\/fr\/essences-urdaibai\/","name":"Essences Urdaibai - Turismo Urdaibai \/ Web oficial","isPartOf":{"@id":"https:\/\/beta.turismourdaibai.com\/es\/#website"},"datePublished":"2019-04-09T10:23:58+00:00","dateModified":"2022-12-19T14:35:11+00:00","breadcrumb":{"@id":"https:\/\/beta.turismourdaibai.com\/fr\/essences-urdaibai\/#breadcrumb"},"inLanguage":"fr-FR","potentialAction":[{"@type":"ReadAction","target":["https:\/\/beta.turismourdaibai.com\/fr\/essences-urdaibai\/"]}]},{"@type":"BreadcrumbList","@id":"https:\/\/beta.turismourdaibai.com\/fr\/essences-urdaibai\/#breadcrumb","itemListElement":[{"@type":"ListItem","position":1,"name":"Portada","item":"https:\/\/beta.turismourdaibai.com\/es\/"},{"@type":"ListItem","position":2,"name":"Essences Urdaibai"}]},{"@type":"WebSite","@id":"https:\/\/beta.turismourdaibai.com\/es\/#website","url":"https:\/\/beta.turismourdaibai.com\/es\/","name":"Turismo Urdaibai \/ Web oficial","description":"\u00bfQuieres conocer un universo natural en el que vivir experiencias \u00fanicas? Una cultura y un patrimonio cautivador; un paisaje seductor; rutas y turismo activo para todos los gustos\u2026","potentialAction":[{"@type":"SearchAction","target":{"@type":"EntryPoint","urlTemplate":"https:\/\/beta.turismourdaibai.com\/es\/?s={search_term_string}"},"query-input":"required name=search_term_string"}],"inLanguage":"fr-FR"}]}},"_links":{"self":[{"href":"https:\/\/beta.turismourdaibai.com\/fr\/wp-json\/wp\/v2\/pages\/8767"}],"collection":[{"href":"https:\/\/beta.turismourdaibai.com\/fr\/wp-json\/wp\/v2\/pages"}],"about":[{"href":"https:\/\/beta.turismourdaibai.com\/fr\/wp-json\/wp\/v2\/types\/page"}],"author":[{"embeddable":true,"href":"https:\/\/beta.turismourdaibai.com\/fr\/wp-json\/wp\/v2\/users\/1"}],"replies":[{"embeddable":true,"href":"https:\/\/beta.turismourdaibai.com\/fr\/wp-json\/wp\/v2\/comments?post=8767"}],"version-history":[{"count":10,"href":"https:\/\/beta.turismourdaibai.com\/fr\/wp-json\/wp\/v2\/pages\/8767\/revisions"}],"predecessor-version":[{"id":18559,"href":"https:\/\/beta.turismourdaibai.com\/fr\/wp-json\/wp\/v2\/pages\/8767\/revisions\/18559"}],"wp:featuredmedia":[{"embeddable":true,"href":"https:\/\/beta.turismourdaibai.com\/fr\/wp-json\/wp\/v2\/media\/7002"}],"wp:attachment":[{"href":"https:\/\/beta.turismourdaibai.com\/fr\/wp-json\/wp\/v2\/media?parent=8767"}],"curies":[{"name":"wp","href":"https:\/\/api.w.org\/{rel}","templated":true}]}}